{"id":5252,"date":"2021-09-30T07:36:55","date_gmt":"2021-09-30T07:36:55","guid":{"rendered":"https:\/\/hotel-liverpool.com\/vacanze-enogastronomiche-degustazioni-cantina-vino-rimini\/"},"modified":"2023-11-27T16:14:50","modified_gmt":"2023-11-27T16:14:50","slug":"degustation-vin-fromage-huile-olive-dans-caves-rimini","status":"publish","type":"page","link":"https:\/\/hotel-liverpool.com\/fr\/degustation-vin-fromage-huile-olive-dans-caves-rimini\/","title":{"rendered":"D\u00e9gustation de Vin dans les Caves"},"content":{"rendered":"\t\t<div data-elementor-type=\"wp-page\" data-elementor-id=\"5252\" class=\"elementor elementor-5252 elementor-476\" data-elementor-post-type=\"page\">\n\t\t\t\t\t\t\t\t\t<section data-particle_enable=\"false\" data-particle-mobile-disabled=\"false\" class=\"elementor-section elementor-top-section elementor-element elementor-element-4550d26 elementor-section-stretched elementor-section-height-min-height elementor-section-full_width elementor-section-height-default elementor-section-items-middle\" data-id=\"4550d26\" data-element_type=\"section\" data-settings=\"{&quot;stretch_section&quot;:&quot;section-stretched&quot;,&quot;background_background&quot;:&quot;video&quot;,&quot;background_video_link&quot;:&quot;https:\\\/\\\/youtu.be\\\/xJXBIOllW1U?list=PLy_IP0Z_MZQywEym6b5KIwTK4rzhBWfuy&quot;,&quot;background_play_on_mobile&quot;:&quot;yes&quot;}\">\n\t\t\t\t\t\t\t\t<div class=\"elementor-background-video-container\">\n\t\t\t\t\t\t\t\t\t\t\t\t\t<div class=\"elementor-background-video-embed\"><\/div>\n\t\t\t\t\t\t\t\t\t\t\t\t<\/div>\n\t\t\t\t\t\t\t\t\t<div class=\"elementor-background-overlay\"><\/div>\n\t\t\t\t\t\t\t<div class=\"elementor-container elementor-column-gap-default\">\n\t\t\t\t\t<div class=\"elementor-column elementor-col-100 elementor-top-column elementor-element elementor-element-1721a03\" data-id=\"1721a03\" data-element_type=\"column\">\n\t\t\t<div class=\"elementor-widget-wrap elementor-element-populated\">\n\t\t\t\t\t\t\t\t<section data-particle_enable=\"false\" data-particle-mobile-disabled=\"false\" class=\"elementor-section elementor-inner-section elementor-element elementor-element-b43991c elementor-section-boxed elementor-section-height-default elementor-section-height-default\" data-id=\"b43991c\" data-element_type=\"section\">\n\t\t\t\t\t\t<div class=\"elementor-container elementor-column-gap-wide\">\n\t\t\t\t\t<div class=\"elementor-column elementor-col-100 elementor-inner-column elementor-element elementor-element-a95fb01\" data-id=\"a95fb01\" data-element_type=\"column\">\n\t\t\t<div class=\"elementor-widget-wrap\">\n\t\t\t\t\t\t\t\t\t<\/div>\n\t\t<\/div>\n\t\t\t\t\t\t\t<\/div>\n\t\t<\/section>\n\t\t\t\t<div class=\"elementor-element elementor-element-e4ff13f elementor-absolute elementor-invisible elementor-widget elementor-widget-heading\" data-id=\"e4ff13f\" data-element_type=\"widget\" data-settings=\"{&quot;_animation&quot;:&quot;fadeInDown&quot;,&quot;_position&quot;:&quot;absolute&quot;}\" data-widget_type=\"heading.default\">\n\t\t\t\t<div class=\"elementor-widget-container\">\n\t\t\t<h2 class=\"elementor-heading-title elementor-size-default\">Un D\u00e9licieux tour de d\u00e9gustation de vin dans la meilleure cave de Rimini<\/h2>\t\t<\/div>\n\t\t\t\t<\/div>\n\t\t\t\t<div class=\"elementor-element elementor-element-31b4138 elementor-absolute elementor-widget elementor-widget-heading\" data-id=\"31b4138\" data-element_type=\"widget\" data-settings=\"{&quot;_position&quot;:&quot;absolute&quot;}\" data-widget_type=\"heading.default\">\n\t\t\t\t<div class=\"elementor-widget-container\">\n\t\t\t<h2 class=\"elementor-heading-title elementor-size-default\">Au c\u0153ur de Rimini, d\u00e9couvrez un vignoble majestueux et unique, cultiv\u00e9 aux rythmes de la nature en biodynamie<\/h2>\t\t<\/div>\n\t\t\t\t<\/div>\n\t\t\t\t\t<\/div>\n\t\t<\/div>\n\t\t\t\t\t\t\t<\/div>\n\t\t<\/section>\n\t\t\t\t<section data-particle_enable=\"false\" data-particle-mobile-disabled=\"false\" class=\"elementor-section elementor-top-section elementor-element elementor-element-36793a4 elementor-section-content-middle elementor-section-boxed elementor-section-height-default elementor-section-height-default\" data-id=\"36793a4\" data-element_type=\"section\">\n\t\t\t\t\t\t<div class=\"elementor-container elementor-column-gap-default\">\n\t\t\t\t\t<div class=\"elementor-column elementor-col-50 elementor-top-column elementor-element elementor-element-38584e7\" data-id=\"38584e7\" data-element_type=\"column\">\n\t\t\t<div class=\"elementor-widget-wrap elementor-element-populated\">\n\t\t\t\t\t\t\t\t<div class=\"elementor-element elementor-element-f493e53 elementor-pagination-position-inside elementor-widget elementor-widget-image-carousel\" data-id=\"f493e53\" data-element_type=\"widget\" data-settings=\"{&quot;slides_to_show&quot;:&quot;1&quot;,&quot;navigation&quot;:&quot;dots&quot;,&quot;effect&quot;:&quot;fade&quot;,&quot;autoplay&quot;:&quot;yes&quot;,&quot;pause_on_hover&quot;:&quot;yes&quot;,&quot;pause_on_interaction&quot;:&quot;yes&quot;,&quot;autoplay_speed&quot;:5000,&quot;infinite&quot;:&quot;yes&quot;,&quot;speed&quot;:500}\" data-widget_type=\"image-carousel.default\">\n\t\t\t\t<div class=\"elementor-widget-container\">\n\t\t\t\t\t<div class=\"elementor-image-carousel-wrapper swiper-container\" dir=\"ltr\">\n\t\t\t<div class=\"elementor-image-carousel swiper-wrapper\" aria-live=\"off\">\n\t\t\t\t\t\t\t\t<div class=\"swiper-slide\" role=\"group\" aria-roledescription=\"slide\" aria-label=\"1 sur 4\"><figure class=\"swiper-slide-inner\"><img decoding=\"async\" class=\"swiper-slide-image\" src=\"https:\/\/hotel-liverpool.com\/wp-content\/uploads\/2021\/10\/unnamed-2.jpg\" alt=\"unnamed\" \/><\/figure><\/div><div class=\"swiper-slide\" role=\"group\" aria-roledescription=\"slide\" aria-label=\"2 sur 4\"><figure class=\"swiper-slide-inner\"><img decoding=\"async\" class=\"swiper-slide-image\" src=\"https:\/\/hotel-liverpool.com\/wp-content\/uploads\/2021\/10\/emlr-gallery9-gal.jpg\" alt=\"emlr-gallery9-gal\" \/><\/figure><\/div><div class=\"swiper-slide\" role=\"group\" aria-roledescription=\"slide\" aria-label=\"3 sur 4\"><figure class=\"swiper-slide-inner\"><img decoding=\"async\" class=\"swiper-slide-image\" src=\"https:\/\/hotel-liverpool.com\/wp-content\/uploads\/2021\/10\/unnamed-1.jpg\" alt=\"unnamed (1)\" \/><\/figure><\/div><div class=\"swiper-slide\" role=\"group\" aria-roledescription=\"slide\" aria-label=\"4 sur 4\"><figure class=\"swiper-slide-inner\"><img decoding=\"async\" class=\"swiper-slide-image\" src=\"https:\/\/hotel-liverpool.com\/wp-content\/uploads\/2021\/10\/cantina-2.jpg\" alt=\"cantina-2\" \/><\/figure><\/div>\t\t\t<\/div>\n\t\t\t\t\t\t\t\n\t\t\t\t\t\t\t\t\t<div class=\"swiper-pagination\"><\/div>\n\t\t\t\t\t\t\t\t\t<\/div>\n\t\t\t\t<\/div>\n\t\t\t\t<\/div>\n\t\t\t\t\t<\/div>\n\t\t<\/div>\n\t\t\t\t<div class=\"elementor-column elementor-col-50 elementor-top-column elementor-element elementor-element-2749626\" data-id=\"2749626\" data-element_type=\"column\">\n\t\t\t<div class=\"elementor-widget-wrap elementor-element-populated\">\n\t\t\t\t\t\t\t\t<div class=\"elementor-element elementor-element-130ef0c elementor-widget elementor-widget-heading\" data-id=\"130ef0c\" data-element_type=\"widget\" data-widget_type=\"heading.default\">\n\t\t\t\t<div class=\"elementor-widget-container\">\n\t\t\t<h1 class=\"elementor-heading-title elementor-size-xxl\">D\u00e9gustation de grands vins de Romagna dans la meilleure cave de Rimini<\/h1>\t\t<\/div>\n\t\t\t\t<\/div>\n\t\t\t\t<div class=\"elementor-element elementor-element-883942d elementor-widget elementor-widget-heading\" data-id=\"883942d\" data-element_type=\"widget\" data-widget_type=\"heading.default\">\n\t\t\t\t<div class=\"elementor-widget-container\">\n\t\t\t<p class=\"elementor-heading-title elementor-size-default\">Visiter les caves de l'arri\u00e8re-pays romagnol, c'est voyager dans le temps et l'histoire : ici, il y a l'essence de la Dolce Vita de Fellini.<br><br>\n\nRencontrer les producteurs (avec la visite des caves), parcourir le vignoble, visiter la cave et gouter les vins sur place reste une exp\u00e9rience des plus exaltantes que je vous recommande sinc\u00e8rement. (M\u00eame si vous ne buvez pas !)<br><br>\n\nEn plus des vins du domaine, vous pourrez acheter des produits locaux de qualit\u00e9 comme du miel et de l\u2019huile d\u2019olive.<\/p>\t\t<\/div>\n\t\t\t\t<\/div>\n\t\t\t\t<div class=\"elementor-element elementor-element-30a8b09 elementor-widget elementor-widget-spacer\" data-id=\"30a8b09\" data-element_type=\"widget\" data-widget_type=\"spacer.default\">\n\t\t\t\t<div class=\"elementor-widget-container\">\n\t\t\t\t\t<div class=\"elementor-spacer\">\n\t\t\t<div class=\"elementor-spacer-inner\"><\/div>\n\t\t<\/div>\n\t\t\t\t<\/div>\n\t\t\t\t<\/div>\n\t\t\t\t\t<\/div>\n\t\t<\/div>\n\t\t\t\t\t\t\t<\/div>\n\t\t<\/section>\n\t\t\t\t<section data-particle_enable=\"false\" data-particle-mobile-disabled=\"false\" class=\"elementor-section elementor-top-section elementor-element elementor-element-3836c5b elementor-section-content-middle elementor-section-boxed elementor-section-height-default elementor-section-height-default\" data-id=\"3836c5b\" data-element_type=\"section\">\n\t\t\t\t\t\t<div class=\"elementor-container elementor-column-gap-default\">\n\t\t\t\t\t<div class=\"elementor-column elementor-col-50 elementor-top-column elementor-element elementor-element-d2f99fa\" data-id=\"d2f99fa\" data-element_type=\"column\">\n\t\t\t<div class=\"elementor-widget-wrap elementor-element-populated\">\n\t\t\t\t\t\t\t\t<div class=\"elementor-element elementor-element-e7a9821 elementor-widget elementor-widget-heading\" data-id=\"e7a9821\" data-element_type=\"widget\" data-widget_type=\"heading.default\">\n\t\t\t\t<div class=\"elementor-widget-container\">\n\t\t\t<h5 class=\"elementor-heading-title elementor-size-default\">Venez d\u00e9couvrir comment naissent les excellents Vins de Rimini en vivant l'exp\u00e9rience d'une de nos d\u00e9gustations dans la Cave.<\/h5>\t\t<\/div>\n\t\t\t\t<\/div>\n\t\t\t\t<div class=\"elementor-element elementor-element-669fc6a elementor-widget elementor-widget-heading\" data-id=\"669fc6a\" data-element_type=\"widget\" data-widget_type=\"heading.default\">\n\t\t\t\t<div class=\"elementor-widget-container\">\n\t\t\t<h1 class=\"elementor-heading-title elementor-size-xxl\">La visite des Caves<\/h1>\t\t<\/div>\n\t\t\t\t<\/div>\n\t\t\t\t<div class=\"elementor-element elementor-element-7bb7688 elementor-widget elementor-widget-heading\" data-id=\"7bb7688\" data-element_type=\"widget\" data-widget_type=\"heading.default\">\n\t\t\t\t<div class=\"elementor-widget-container\">\n\t\t\t<p class=\"elementor-heading-title elementor-size-default\">Pour ceux qui aiment d\u00e9couvrir l'excellence des produits typiques, voici une opportunit\u00e9 unique : <br>\nvous pourrez d\u00e9guster les saveurs uniques et incomparables des sp\u00e9cialit\u00e9s romagnoles directement dans les caves et les fermes de Riminesi.<br> <br>\nDes d\u00e9gustations \u00e0 la Cave sont organis\u00e9es du lundi au vendredi de 10h \u00e0 12h et de 16h \u00e0 18h<br> (vous pouvez choisir votre horaire pr\u00e9f\u00e9r\u00e9).<br> <br>\nLa visite (d'une dur\u00e9e de 2 heures) comprend :\n- Visite parmi les vignes\n- Visite de la Cave et Barricaia (Chai \u00e0 Barriques)\n- D\u00e9gustation de vins et produits typiques (Huile d'Olive Extra Vierge et Fromage)<br><br>\n<b>Transfert inclus<\/b><\/p>\t\t<\/div>\n\t\t\t\t<\/div>\n\t\t\t\t<div class=\"elementor-element elementor-element-f969792 elementor-widget elementor-widget-spacer\" data-id=\"f969792\" data-element_type=\"widget\" data-widget_type=\"spacer.default\">\n\t\t\t\t<div class=\"elementor-widget-container\">\n\t\t\t\t\t<div class=\"elementor-spacer\">\n\t\t\t<div class=\"elementor-spacer-inner\"><\/div>\n\t\t<\/div>\n\t\t\t\t<\/div>\n\t\t\t\t<\/div>\n\t\t\t\t\t<\/div>\n\t\t<\/div>\n\t\t\t\t<div class=\"elementor-column elementor-col-50 elementor-top-column elementor-element elementor-element-76f759e\" data-id=\"76f759e\" data-element_type=\"column\">\n\t\t\t<div class=\"elementor-widget-wrap elementor-element-populated\">\n\t\t\t\t\t\t\t\t<div class=\"elementor-element elementor-element-8e7fc18 elementor-pagination-position-inside elementor-widget elementor-widget-image-carousel\" data-id=\"8e7fc18\" data-element_type=\"widget\" data-settings=\"{&quot;slides_to_show&quot;:&quot;1&quot;,&quot;navigation&quot;:&quot;dots&quot;,&quot;effect&quot;:&quot;fade&quot;,&quot;autoplay&quot;:&quot;yes&quot;,&quot;pause_on_hover&quot;:&quot;yes&quot;,&quot;pause_on_interaction&quot;:&quot;yes&quot;,&quot;autoplay_speed&quot;:5000,&quot;infinite&quot;:&quot;yes&quot;,&quot;speed&quot;:500}\" data-widget_type=\"image-carousel.default\">\n\t\t\t\t<div class=\"elementor-widget-container\">\n\t\t\t\t\t<div class=\"elementor-image-carousel-wrapper swiper-container\" dir=\"ltr\">\n\t\t\t<div class=\"elementor-image-carousel swiper-wrapper\" aria-live=\"off\">\n\t\t\t\t\t\t\t\t<div class=\"swiper-slide\" role=\"group\" aria-roledescription=\"slide\" aria-label=\"1 sur 5\"><figure class=\"swiper-slide-inner\"><img decoding=\"async\" class=\"swiper-slide-image\" src=\"https:\/\/hotel-liverpool.com\/wp-content\/uploads\/2021\/10\/download-1.jpg\" alt=\"download\" \/><\/figure><\/div><div class=\"swiper-slide\" role=\"group\" aria-roledescription=\"slide\" aria-label=\"2 sur 5\"><figure class=\"swiper-slide-inner\"><img decoding=\"async\" class=\"swiper-slide-image\" src=\"https:\/\/hotel-liverpool.com\/wp-content\/uploads\/2021\/10\/degustazione-cantina-rimini-vino.jpg\" alt=\"degustazione-cantina-rimini-vino\" \/><\/figure><\/div><div class=\"swiper-slide\" role=\"group\" aria-roledescription=\"slide\" aria-label=\"3 sur 5\"><figure class=\"swiper-slide-inner\"><img decoding=\"async\" class=\"swiper-slide-image\" src=\"https:\/\/hotel-liverpool.com\/wp-content\/uploads\/2021\/10\/degustazione-cantina-rimini.jpg\" alt=\"degustazione-cantina-rimini\" \/><\/figure><\/div><div class=\"swiper-slide\" role=\"group\" aria-roledescription=\"slide\" aria-label=\"4 sur 5\"><figure class=\"swiper-slide-inner\"><img decoding=\"async\" class=\"swiper-slide-image\" src=\"https:\/\/hotel-liverpool.com\/wp-content\/uploads\/2021\/10\/ef85e1f0-ace0-4c67-ad50-5a34fef2039f.jpg\" alt=\"ef85e1f0-ace0-4c67-ad50-5a34fef2039f\" \/><\/figure><\/div><div class=\"swiper-slide\" role=\"group\" aria-roledescription=\"slide\" aria-label=\"5 sur 5\"><figure class=\"swiper-slide-inner\"><img decoding=\"async\" class=\"swiper-slide-image\" src=\"https:\/\/hotel-liverpool.com\/wp-content\/uploads\/2021\/10\/Untitled-1.png\" alt=\"Untitled-1\" \/><\/figure><\/div>\t\t\t<\/div>\n\t\t\t\t\t\t\t\n\t\t\t\t\t\t\t\t\t<div class=\"swiper-pagination\"><\/div>\n\t\t\t\t\t\t\t\t\t<\/div>\n\t\t\t\t<\/div>\n\t\t\t\t<\/div>\n\t\t\t\t\t<\/div>\n\t\t<\/div>\n\t\t\t\t\t\t\t<\/div>\n\t\t<\/section>\n\t\t\t\t<section data-particle_enable=\"false\" data-particle-mobile-disabled=\"false\" class=\"elementor-section elementor-top-section elementor-element elementor-element-5ae665b elementor-section-boxed elementor-section-height-default elementor-section-height-default\" data-id=\"5ae665b\" data-element_type=\"section\" data-settings=\"{&quot;background_background&quot;:&quot;classic&quot;}\">\n\t\t\t\t\t\t<div class=\"elementor-container elementor-column-gap-default\">\n\t\t\t\t\t<div class=\"elementor-column elementor-col-100 elementor-top-column elementor-element elementor-element-15d1b0a\" data-id=\"15d1b0a\" data-element_type=\"column\">\n\t\t\t<div class=\"elementor-widget-wrap elementor-element-populated\">\n\t\t\t\t\t\t\t\t<section data-particle_enable=\"false\" data-particle-mobile-disabled=\"false\" class=\"elementor-section elementor-inner-section elementor-element elementor-element-0eb8568 elementor-section-full_width elementor-section-height-default elementor-section-height-default\" data-id=\"0eb8568\" data-element_type=\"section\">\n\t\t\t\t\t\t<div class=\"elementor-container elementor-column-gap-default\">\n\t\t\t\t\t<div class=\"elementor-column elementor-col-100 elementor-inner-column elementor-element elementor-element-3e4eb56\" data-id=\"3e4eb56\" data-element_type=\"column\">\n\t\t\t<div class=\"elementor-widget-wrap\">\n\t\t\t\t\t\t\t\t\t<\/div>\n\t\t<\/div>\n\t\t\t\t\t\t\t<\/div>\n\t\t<\/section>\n\t\t\t\t<section data-particle_enable=\"false\" data-particle-mobile-disabled=\"false\" class=\"elementor-section elementor-inner-section elementor-element elementor-element-e376423 elementor-section-boxed elementor-section-height-default elementor-section-height-default\" data-id=\"e376423\" data-element_type=\"section\">\n\t\t\t\t\t\t<div class=\"elementor-container elementor-column-gap-default\">\n\t\t\t\t\t<div class=\"elementor-column elementor-col-100 elementor-inner-column elementor-element elementor-element-71e27f4\" data-id=\"71e27f4\" data-element_type=\"column\">\n\t\t\t<div class=\"elementor-widget-wrap elementor-element-populated\">\n\t\t\t\t\t\t\t\t<div class=\"elementor-element elementor-element-15fb5f0 elementor-align-center elementor-mobile-align-justify elementor-widget elementor-widget-button\" data-id=\"15fb5f0\" data-element_type=\"widget\" data-widget_type=\"button.default\">\n\t\t\t\t<div class=\"elementor-widget-container\">\n\t\t\t\t\t<div class=\"elementor-button-wrapper\">\n\t\t\t<a class=\"elementor-button elementor-button-link elementor-size-sm\" href=\"#preventivo\">\n\t\t\t\t\t\t<span class=\"elementor-button-content-wrapper\">\n\t\t\t\t\t\t<span class=\"elementor-button-icon elementor-align-icon-left\">\n\t\t\t\t<i aria-hidden=\"true\" class=\"far fa-calendar-alt\"><\/i>\t\t\t<\/span>\n\t\t\t\t\t\t<span class=\"elementor-button-text\">Demander des informations suppl\u00e9mentaires<\/span>\n\t\t<\/span>\n\t\t\t\t\t<\/a>\n\t\t<\/div>\n\t\t\t\t<\/div>\n\t\t\t\t<\/div>\n\t\t\t\t\t<\/div>\n\t\t<\/div>\n\t\t\t\t\t\t\t<\/div>\n\t\t<\/section>\n\t\t\t\t\t<\/div>\n\t\t<\/div>\n\t\t\t\t\t\t\t<\/div>\n\t\t<\/section>\n\t\t\t\t\t\t\t<\/div>\n\t\t","protected":false},"excerpt":{"rendered":"<p>Un D\u00e9licieux tour de d\u00e9gustation de vin dans la meilleure cave de Rimini Au c\u0153ur de Rimini, d\u00e9couvrez un vignoble majestueux et unique, cultiv\u00e9 aux rythmes de la nature en biodynamie D\u00e9gustation de grands vins de Romagna dans la meilleure cave de Rimini Visiter les caves de l&rsquo;arri\u00e8re-pays romagnol, c&rsquo;est voyager dans le temps et [&hellip;]<\/p>\n","protected":false},"author":1,"featured_media":2819,"parent":0,"menu_order":0,"comment_status":"closed","ping_status":"closed","template":"elementor_header_footer","meta":{"footnotes":""},"class_list":["post-5252","page","type-page","status-publish","has-post-thumbnail","hentry"],"yoast_head":"<!-- This site is optimized with the Yoast SEO plugin v21.8 - https:\/\/yoast.com\/wordpress\/plugins\/seo\/ -->\n<title>D\u00e9gustation de vin dans les caves de Rimini \ud83e\udd42\ud83e\uddc0\ud83e\udd42<\/title>\n<meta name=\"description\" content=\"D\u00e9gustation de vin dans les caves de Rimini: une Exp\u00e9rience Unique\ud83e\udd42\ud83e\uddc0\ud83e\udd42Plongez dans l&#039;univers de la d\u00e9gustation de vin dans les caves\ud83e\udd42\ud83e\uddc0\ud83e\udd42Explorez les saveurs authentiques du terroir lors de visites passionnantes.\" \/>\n<meta name=\"robots\" content=\"index, follow, max-snippet:-1, max-image-preview:large, max-video-preview:-1\" \/>\n<link rel=\"canonical\" href=\"https:\/\/hotel-liverpool.com\/fr\/degustation-vin-fromage-huile-olive-dans-caves-rimini\/\" \/>\n<meta property=\"og:locale\" content=\"fr_FR\" \/>\n<meta property=\"og:type\" content=\"article\" \/>\n<meta property=\"og:title\" content=\"D\u00e9gustation de vin dans les caves de Rimini \ud83e\udd42\ud83e\uddc0\ud83e\udd42\" \/>\n<meta property=\"og:description\" content=\"D\u00e9gustation de vin dans les caves de Rimini: une Exp\u00e9rience Unique\ud83e\udd42\ud83e\uddc0\ud83e\udd42Plongez dans l&#039;univers de la d\u00e9gustation de vin dans les caves\ud83e\udd42\ud83e\uddc0\ud83e\udd42Explorez les saveurs authentiques du terroir lors de visites passionnantes.\" \/>\n<meta property=\"og:url\" content=\"https:\/\/hotel-liverpool.com\/fr\/degustation-vin-fromage-huile-olive-dans-caves-rimini\/\" \/>\n<meta property=\"og:site_name\" content=\"Hotel Liverpool\" \/>\n<meta property=\"article:modified_time\" content=\"2023-11-27T16:14:50+00:00\" \/>\n<meta property=\"og:image\" content=\"https:\/\/hotel-liverpool.com\/wp-content\/uploads\/2021\/09\/degustazione-vini.jpg\" \/>\n\t<meta property=\"og:image:width\" content=\"600\" \/>\n\t<meta property=\"og:image:height\" content=\"900\" \/>\n\t<meta property=\"og:image:type\" content=\"image\/jpeg\" \/>\n<meta name=\"twitter:card\" content=\"summary_large_image\" \/>\n<meta name=\"twitter:label1\" content=\"Dur\u00e9e de lecture estim\u00e9e\" \/>\n\t<meta name=\"twitter:data1\" content=\"4 minutes\" \/>\n<script type=\"application\/ld+json\" class=\"yoast-schema-graph\">{\"@context\":\"https:\/\/schema.org\",\"@graph\":[{\"@type\":\"WebPage\",\"@id\":\"https:\/\/hotel-liverpool.com\/fr\/degustation-vin-fromage-huile-olive-dans-caves-rimini\/\",\"url\":\"https:\/\/hotel-liverpool.com\/fr\/degustation-vin-fromage-huile-olive-dans-caves-rimini\/\",\"name\":\"D\u00e9gustation de vin dans les caves de Rimini \ud83e\udd42\ud83e\uddc0\ud83e\udd42\",\"isPartOf\":{\"@id\":\"https:\/\/hotel-liverpool.com\/fr\/#website\"},\"datePublished\":\"2021-09-30T07:36:55+00:00\",\"dateModified\":\"2023-11-27T16:14:50+00:00\",\"description\":\"D\u00e9gustation de vin dans les caves de Rimini: une Exp\u00e9rience Unique\ud83e\udd42\ud83e\uddc0\ud83e\udd42Plongez dans l'univers de la d\u00e9gustation de vin dans les caves\ud83e\udd42\ud83e\uddc0\ud83e\udd42Explorez les saveurs authentiques du terroir lors de visites passionnantes.\",\"breadcrumb\":{\"@id\":\"https:\/\/hotel-liverpool.com\/fr\/degustation-vin-fromage-huile-olive-dans-caves-rimini\/#breadcrumb\"},\"inLanguage\":\"fr-FR\",\"potentialAction\":[{\"@type\":\"ReadAction\",\"target\":[\"https:\/\/hotel-liverpool.com\/fr\/degustation-vin-fromage-huile-olive-dans-caves-rimini\/\"]}]},{\"@type\":\"BreadcrumbList\",\"@id\":\"https:\/\/hotel-liverpool.com\/fr\/degustation-vin-fromage-huile-olive-dans-caves-rimini\/#breadcrumb\",\"itemListElement\":[{\"@type\":\"ListItem\",\"position\":1,\"name\":\"Home\",\"item\":\"https:\/\/hotel-liverpool.com\/fr\/\"},{\"@type\":\"ListItem\",\"position\":2,\"name\":\"D\u00e9gustation de Vin dans les Caves\"}]},{\"@type\":\"WebSite\",\"@id\":\"https:\/\/hotel-liverpool.com\/fr\/#website\",\"url\":\"https:\/\/hotel-liverpool.com\/fr\/\",\"name\":\"Hotel Liverpool\",\"description\":\"Hotel All Inclusive Rimini\",\"potentialAction\":[{\"@type\":\"SearchAction\",\"target\":{\"@type\":\"EntryPoint\",\"urlTemplate\":\"https:\/\/hotel-liverpool.com\/fr\/?s={search_term_string}\"},\"query-input\":\"required name=search_term_string\"}],\"inLanguage\":\"fr-FR\"}]}<\/script>\n<!-- \/ Yoast SEO plugin. -->","yoast_head_json":{"title":"D\u00e9gustation de vin dans les caves de Rimini \ud83e\udd42\ud83e\uddc0\ud83e\udd42","description":"D\u00e9gustation de vin dans les caves de Rimini: une Exp\u00e9rience Unique\ud83e\udd42\ud83e\uddc0\ud83e\udd42Plongez dans l'univers de la d\u00e9gustation de vin dans les caves\ud83e\udd42\ud83e\uddc0\ud83e\udd42Explorez les saveurs authentiques du terroir lors de visites passionnantes.","robots":{"index":"index","follow":"follow","max-snippet":"max-snippet:-1","max-image-preview":"max-image-preview:large","max-video-preview":"max-video-preview:-1"},"canonical":"https:\/\/hotel-liverpool.com\/fr\/degustation-vin-fromage-huile-olive-dans-caves-rimini\/","og_locale":"fr_FR","og_type":"article","og_title":"D\u00e9gustation de vin dans les caves de Rimini \ud83e\udd42\ud83e\uddc0\ud83e\udd42","og_description":"D\u00e9gustation de vin dans les caves de Rimini: une Exp\u00e9rience Unique\ud83e\udd42\ud83e\uddc0\ud83e\udd42Plongez dans l'univers de la d\u00e9gustation de vin dans les caves\ud83e\udd42\ud83e\uddc0\ud83e\udd42Explorez les saveurs authentiques du terroir lors de visites passionnantes.","og_url":"https:\/\/hotel-liverpool.com\/fr\/degustation-vin-fromage-huile-olive-dans-caves-rimini\/","og_site_name":"Hotel Liverpool","article_modified_time":"2023-11-27T16:14:50+00:00","og_image":[{"width":600,"height":900,"url":"https:\/\/hotel-liverpool.com\/wp-content\/uploads\/2021\/09\/degustazione-vini.jpg","type":"image\/jpeg"}],"twitter_card":"summary_large_image","twitter_misc":{"Dur\u00e9e de lecture estim\u00e9e":"4 minutes"},"schema":{"@context":"https:\/\/schema.org","@graph":[{"@type":"WebPage","@id":"https:\/\/hotel-liverpool.com\/fr\/degustation-vin-fromage-huile-olive-dans-caves-rimini\/","url":"https:\/\/hotel-liverpool.com\/fr\/degustation-vin-fromage-huile-olive-dans-caves-rimini\/","name":"D\u00e9gustation de vin dans les caves de Rimini \ud83e\udd42\ud83e\uddc0\ud83e\udd42","isPartOf":{"@id":"https:\/\/hotel-liverpool.com\/fr\/#website"},"datePublished":"2021-09-30T07:36:55+00:00","dateModified":"2023-11-27T16:14:50+00:00","description":"D\u00e9gustation de vin dans les caves de Rimini: une Exp\u00e9rience Unique\ud83e\udd42\ud83e\uddc0\ud83e\udd42Plongez dans l'univers de la d\u00e9gustation de vin dans les caves\ud83e\udd42\ud83e\uddc0\ud83e\udd42Explorez les saveurs authentiques du terroir lors de visites passionnantes.","breadcrumb":{"@id":"https:\/\/hotel-liverpool.com\/fr\/degustation-vin-fromage-huile-olive-dans-caves-rimini\/#breadcrumb"},"inLanguage":"fr-FR","potentialAction":[{"@type":"ReadAction","target":["https:\/\/hotel-liverpool.com\/fr\/degustation-vin-fromage-huile-olive-dans-caves-rimini\/"]}]},{"@type":"BreadcrumbList","@id":"https:\/\/hotel-liverpool.com\/fr\/degustation-vin-fromage-huile-olive-dans-caves-rimini\/#breadcrumb","itemListElement":[{"@type":"ListItem","position":1,"name":"Home","item":"https:\/\/hotel-liverpool.com\/fr\/"},{"@type":"ListItem","position":2,"name":"D\u00e9gustation de Vin dans les Caves"}]},{"@type":"WebSite","@id":"https:\/\/hotel-liverpool.com\/fr\/#website","url":"https:\/\/hotel-liverpool.com\/fr\/","name":"Hotel Liverpool","description":"Hotel All Inclusive Rimini","potentialAction":[{"@type":"SearchAction","target":{"@type":"EntryPoint","urlTemplate":"https:\/\/hotel-liverpool.com\/fr\/?s={search_term_string}"},"query-input":"required name=search_term_string"}],"inLanguage":"fr-FR"}]}},"_links":{"self":[{"href":"https:\/\/hotel-liverpool.com\/fr\/wp-json\/wp\/v2\/pages\/5252","targetHints":{"allow":["GET"]}}],"collection":[{"href":"https:\/\/hotel-liverpool.com\/fr\/wp-json\/wp\/v2\/pages"}],"about":[{"href":"https:\/\/hotel-liverpool.com\/fr\/wp-json\/wp\/v2\/types\/page"}],"author":[{"embeddable":true,"href":"https:\/\/hotel-liverpool.com\/fr\/wp-json\/wp\/v2\/users\/1"}],"replies":[{"embeddable":true,"href":"https:\/\/hotel-liverpool.com\/fr\/wp-json\/wp\/v2\/comments?post=5252"}],"version-history":[{"count":27,"href":"https:\/\/hotel-liverpool.com\/fr\/wp-json\/wp\/v2\/pages\/5252\/revisions"}],"predecessor-version":[{"id":13815,"href":"https:\/\/hotel-liverpool.com\/fr\/wp-json\/wp\/v2\/pages\/5252\/revisions\/13815"}],"wp:featuredmedia":[{"embeddable":true,"href":"https:\/\/hotel-liverpool.com\/fr\/wp-json\/wp\/v2\/media\/2819"}],"wp:attachment":[{"href":"https:\/\/hotel-liverpool.com\/fr\/wp-json\/wp\/v2\/media?parent=5252"}],"curies":[{"name":"wp","href":"https:\/\/api.w.org\/{rel}","templated":true}]}}