{"id":5201,"date":"2021-10-28T15:15:14","date_gmt":"2021-10-28T15:15:14","guid":{"rendered":"https:\/\/hotel-liverpool.com\/meteo-rimini\/"},"modified":"2022-11-29T14:08:21","modified_gmt":"2022-11-29T14:08:21","slug":"meteo-rimini","status":"publish","type":"page","link":"https:\/\/hotel-liverpool.com\/fr\/meteo-rimini\/","title":{"rendered":"Meteo Rimini Webcam Live"},"content":{"rendered":"\t\t<div data-elementor-type=\"wp-page\" data-elementor-id=\"5201\" class=\"elementor elementor-5201 elementor-2437\" data-elementor-post-type=\"page\">\n\t\t\t\t\t\t\t\t\t<section data-particle_enable=\"false\" data-particle-mobile-disabled=\"false\" class=\"elementor-section elementor-top-section elementor-element elementor-element-8b807c0 elementor-section-stretched elementor-section-height-min-height elementor-section-full_width elementor-section-height-default elementor-section-items-middle\" data-id=\"8b807c0\" data-element_type=\"section\" data-settings=\"{&quot;stretch_section&quot;:&quot;section-stretched&quot;,&quot;background_background&quot;:&quot;classic&quot;}\">\n\t\t\t\t\t\t\t<div class=\"elementor-background-overlay\"><\/div>\n\t\t\t\t\t\t\t<div class=\"elementor-container elementor-column-gap-default\">\n\t\t\t\t\t<div class=\"elementor-column elementor-col-100 elementor-top-column elementor-element elementor-element-3d8ea4c\" data-id=\"3d8ea4c\" data-element_type=\"column\">\n\t\t\t<div class=\"elementor-widget-wrap elementor-element-populated\">\n\t\t\t\t\t\t\t\t<div class=\"elementor-element elementor-element-3109dc9 elementor-absolute elementor-invisible elementor-widget elementor-widget-heading\" data-id=\"3109dc9\" data-element_type=\"widget\" data-settings=\"{&quot;_animation&quot;:&quot;fadeInDown&quot;,&quot;_position&quot;:&quot;absolute&quot;}\" data-widget_type=\"heading.default\">\n\t\t\t\t<div class=\"elementor-widget-container\">\n\t\t\t<h2 class=\"elementor-heading-title elementor-size-default\">Meteo Rimini Live Webcam<\/h2>\t\t<\/div>\n\t\t\t\t<\/div>\n\t\t\t\t<section data-particle_enable=\"false\" data-particle-mobile-disabled=\"false\" class=\"elementor-section elementor-inner-section elementor-element elementor-element-c7701ee elementor-section-boxed elementor-section-height-default elementor-section-height-default\" data-id=\"c7701ee\" data-element_type=\"section\">\n\t\t\t\t\t\t<div class=\"elementor-container elementor-column-gap-wide\">\n\t\t\t\t\t<div class=\"elementor-column elementor-col-100 elementor-inner-column elementor-element elementor-element-29d2fac\" data-id=\"29d2fac\" data-element_type=\"column\">\n\t\t\t<div class=\"elementor-widget-wrap\">\n\t\t\t\t\t\t\t\t\t<\/div>\n\t\t<\/div>\n\t\t\t\t\t\t\t<\/div>\n\t\t<\/section>\n\t\t\t\t\t<\/div>\n\t\t<\/div>\n\t\t\t\t\t\t\t<\/div>\n\t\t<\/section>\n\t\t\t\t<section data-particle_enable=\"false\" data-particle-mobile-disabled=\"false\" class=\"elementor-section elementor-top-section elementor-element elementor-element-5c27070 elementor-section-boxed elementor-section-height-default elementor-section-height-default\" data-id=\"5c27070\" data-element_type=\"section\">\n\t\t\t\t\t\t<div class=\"elementor-container elementor-column-gap-default\">\n\t\t\t\t\t<div class=\"elementor-column elementor-col-100 elementor-top-column elementor-element elementor-element-2f7af02\" data-id=\"2f7af02\" data-element_type=\"column\">\n\t\t\t<div class=\"elementor-widget-wrap elementor-element-populated\">\n\t\t\t\t\t\t\t\t<div class=\"elementor-element elementor-element-5b567a8 elementor-widget elementor-widget-html\" data-id=\"5b567a8\" data-element_type=\"widget\" data-widget_type=\"html.default\">\n\t\t\t\t<div class=\"elementor-widget-container\">\n\t\t\t<iframe\r\nsrc=\"https:\/\/www.hotel-liverpool.com\/livemeteorimini\/index.html\" \r\nscrolling=\"no\"\r\nframeborder=\"0\"\r\nalign=center\r\nmarginheight=\"0px\"\r\nmarginwidth=\"0px\"\r\nheight=\"450\"\r\nwidth=\"150%\">\r\n<\/iframe>\t\t<\/div>\n\t\t\t\t<\/div>\n\t\t\t\t\t<\/div>\n\t\t<\/div>\n\t\t\t\t\t\t\t<\/div>\n\t\t<\/section>\n\t\t\t\t<section data-particle_enable=\"false\" data-particle-mobile-disabled=\"false\" class=\"elementor-section elementor-top-section elementor-element elementor-element-98bde25 elementor-section-boxed elementor-section-height-default elementor-section-height-default\" data-id=\"98bde25\" data-element_type=\"section\">\n\t\t\t\t\t\t<div class=\"elementor-container elementor-column-gap-default\">\n\t\t\t\t\t<div class=\"elementor-column elementor-col-100 elementor-top-column elementor-element elementor-element-5bcf043\" data-id=\"5bcf043\" data-element_type=\"column\">\n\t\t\t<div class=\"elementor-widget-wrap elementor-element-populated\">\n\t\t\t\t\t\t\t\t<div class=\"elementor-element elementor-element-8b29d61 elementor-widget elementor-widget-heading\" data-id=\"8b29d61\" data-element_type=\"widget\" data-widget_type=\"heading.default\">\n\t\t\t\t<div class=\"elementor-widget-container\">\n\t\t\t<h2 class=\"elementor-heading-title elementor-size-default\">Pr\u00e9visions m\u00e9t\u00e9orologiques dans les prochains jours pour Rimini\nM\u00e9t\u00e9o Rimini 14 Jours<\/h2>\t\t<\/div>\n\t\t\t\t<\/div>\n\t\t\t\t\t<\/div>\n\t\t<\/div>\n\t\t\t\t\t\t\t<\/div>\n\t\t<\/section>\n\t\t\t\t<section data-particle_enable=\"false\" data-particle-mobile-disabled=\"false\" class=\"elementor-section elementor-top-section elementor-element elementor-element-0f8d7ee elementor-section-boxed elementor-section-height-default elementor-section-height-default\" data-id=\"0f8d7ee\" data-element_type=\"section\">\n\t\t\t\t\t\t<div class=\"elementor-container elementor-column-gap-default\">\n\t\t\t\t\t<div class=\"elementor-column elementor-col-100 elementor-top-column elementor-element elementor-element-8bf82b2\" data-id=\"8bf82b2\" data-element_type=\"column\">\n\t\t\t<div class=\"elementor-widget-wrap elementor-element-populated\">\n\t\t\t\t\t\t\t\t<div class=\"elementor-element elementor-element-f3683d2 elementor-widget elementor-widget-html\" data-id=\"f3683d2\" data-element_type=\"widget\" data-widget_type=\"html.default\">\n\t\t\t\t<div class=\"elementor-widget-container\">\n\t\t\t<iframe\r\nsrc=\"https:\/\/www.liverpoolhotelrimini.com\/meteo-rimini-prossimi-giorni.php\" \r\nscrolling=\"no\"\r\nframeborder=\"0\"\r\nalign=center\r\nmarginheight=\"0px\"\r\nmarginwidth=\"0px\"\r\nheight=\"1200\"\r\nwidth=\"100%\">\r\n<\/iframe>\t\t<\/div>\n\t\t\t\t<\/div>\n\t\t\t\t\t<\/div>\n\t\t<\/div>\n\t\t\t\t\t\t\t<\/div>\n\t\t<\/section>\n\t\t\t\t\t\t\t<\/div>\n\t\t","protected":false},"excerpt":{"rendered":"<p>Meteo Rimini Live Webcam Pr\u00e9visions m\u00e9t\u00e9orologiques dans les prochains jours pour Rimini M\u00e9t\u00e9o Rimini 14 Jours<\/p>\n","protected":false},"author":2,"featured_media":13274,"parent":0,"menu_order":0,"comment_status":"closed","ping_status":"closed","template":"elementor_header_footer","meta":{"footnotes":""},"class_list":["post-5201","page","type-page","status-publish","has-post-thumbnail","hentry"],"yoast_head":"<!-- This site is optimized with the Yoast SEO plugin v21.8 - https:\/\/yoast.com\/wordpress\/plugins\/seo\/ -->\n<title>Meteo Rimini Webcam Live<\/title>\n<meta name=\"description\" content=\"Pr\u00e9visions M\u00e9t\u00e9o Rimini pour la semaine - M\u00e9t\u00e9o d\u00e9taill\u00e9es \u00e0 7 - 14 jours et conditions actuelles pour Rimini avec notre WEBCAM LIVE sul la PLAGE de Rimini: Temp\u00e9rature, Pluie, Vent, Humidit\u00e9, Pression pour Vos Vacances \u00e0 la mer.\" \/>\n<meta name=\"robots\" content=\"index, follow, max-snippet:-1, max-image-preview:large, max-video-preview:-1\" \/>\n<link rel=\"canonical\" href=\"https:\/\/hotel-liverpool.com\/fr\/meteo-rimini\/\" \/>\n<meta property=\"og:locale\" content=\"fr_FR\" \/>\n<meta property=\"og:type\" content=\"article\" \/>\n<meta property=\"og:title\" content=\"Meteo Rimini Webcam Live\" \/>\n<meta property=\"og:description\" content=\"Pr\u00e9visions M\u00e9t\u00e9o Rimini pour la semaine - M\u00e9t\u00e9o d\u00e9taill\u00e9es \u00e0 7 - 14 jours et conditions actuelles pour Rimini avec notre WEBCAM LIVE sul la PLAGE de Rimini: Temp\u00e9rature, Pluie, Vent, Humidit\u00e9, Pression pour Vos Vacances \u00e0 la mer.\" \/>\n<meta property=\"og:url\" content=\"https:\/\/hotel-liverpool.com\/fr\/meteo-rimini\/\" \/>\n<meta property=\"og:site_name\" content=\"Hotel Liverpool\" \/>\n<meta property=\"article:modified_time\" content=\"2022-11-29T14:08:21+00:00\" \/>\n<meta property=\"og:image\" content=\"https:\/\/hotel-liverpool.com\/wp-content\/uploads\/2022\/11\/meteo-rimini-live-webcam.png\" \/>\n\t<meta property=\"og:image:width\" content=\"610\" \/>\n\t<meta property=\"og:image:height\" content=\"320\" \/>\n\t<meta property=\"og:image:type\" content=\"image\/png\" \/>\n<meta name=\"twitter:card\" content=\"summary_large_image\" \/>\n<meta name=\"twitter:label1\" content=\"Dur\u00e9e de lecture estim\u00e9e\" \/>\n\t<meta name=\"twitter:data1\" content=\"1 minute\" \/>\n<script type=\"application\/ld+json\" class=\"yoast-schema-graph\">{\"@context\":\"https:\/\/schema.org\",\"@graph\":[{\"@type\":\"WebPage\",\"@id\":\"https:\/\/hotel-liverpool.com\/fr\/meteo-rimini\/\",\"url\":\"https:\/\/hotel-liverpool.com\/fr\/meteo-rimini\/\",\"name\":\"Meteo Rimini Webcam Live\",\"isPartOf\":{\"@id\":\"https:\/\/hotel-liverpool.com\/fr\/#website\"},\"datePublished\":\"2021-10-28T15:15:14+00:00\",\"dateModified\":\"2022-11-29T14:08:21+00:00\",\"description\":\"Pr\u00e9visions M\u00e9t\u00e9o Rimini pour la semaine - M\u00e9t\u00e9o d\u00e9taill\u00e9es \u00e0 7 - 14 jours et conditions actuelles pour Rimini avec notre WEBCAM LIVE sul la PLAGE de Rimini: Temp\u00e9rature, Pluie, Vent, Humidit\u00e9, Pression pour Vos Vacances \u00e0 la mer.\",\"breadcrumb\":{\"@id\":\"https:\/\/hotel-liverpool.com\/fr\/meteo-rimini\/#breadcrumb\"},\"inLanguage\":\"fr-FR\",\"potentialAction\":[{\"@type\":\"ReadAction\",\"target\":[\"https:\/\/hotel-liverpool.com\/fr\/meteo-rimini\/\"]}]},{\"@type\":\"BreadcrumbList\",\"@id\":\"https:\/\/hotel-liverpool.com\/fr\/meteo-rimini\/#breadcrumb\",\"itemListElement\":[{\"@type\":\"ListItem\",\"position\":1,\"name\":\"Home\",\"item\":\"https:\/\/hotel-liverpool.com\/fr\/\"},{\"@type\":\"ListItem\",\"position\":2,\"name\":\"Meteo Rimini Webcam Live\"}]},{\"@type\":\"WebSite\",\"@id\":\"https:\/\/hotel-liverpool.com\/fr\/#website\",\"url\":\"https:\/\/hotel-liverpool.com\/fr\/\",\"name\":\"Hotel Liverpool\",\"description\":\"Hotel All Inclusive Rimini\",\"potentialAction\":[{\"@type\":\"SearchAction\",\"target\":{\"@type\":\"EntryPoint\",\"urlTemplate\":\"https:\/\/hotel-liverpool.com\/fr\/?s={search_term_string}\"},\"query-input\":\"required name=search_term_string\"}],\"inLanguage\":\"fr-FR\"}]}<\/script>\n<!-- \/ Yoast SEO plugin. -->","yoast_head_json":{"title":"Meteo Rimini Webcam Live","description":"Pr\u00e9visions M\u00e9t\u00e9o Rimini pour la semaine - M\u00e9t\u00e9o d\u00e9taill\u00e9es \u00e0 7 - 14 jours et conditions actuelles pour Rimini avec notre WEBCAM LIVE sul la PLAGE de Rimini: Temp\u00e9rature, Pluie, Vent, Humidit\u00e9, Pression pour Vos Vacances \u00e0 la mer.","robots":{"index":"index","follow":"follow","max-snippet":"max-snippet:-1","max-image-preview":"max-image-preview:large","max-video-preview":"max-video-preview:-1"},"canonical":"https:\/\/hotel-liverpool.com\/fr\/meteo-rimini\/","og_locale":"fr_FR","og_type":"article","og_title":"Meteo Rimini Webcam Live","og_description":"Pr\u00e9visions M\u00e9t\u00e9o Rimini pour la semaine - M\u00e9t\u00e9o d\u00e9taill\u00e9es \u00e0 7 - 14 jours et conditions actuelles pour Rimini avec notre WEBCAM LIVE sul la PLAGE de Rimini: Temp\u00e9rature, Pluie, Vent, Humidit\u00e9, Pression pour Vos Vacances \u00e0 la mer.","og_url":"https:\/\/hotel-liverpool.com\/fr\/meteo-rimini\/","og_site_name":"Hotel Liverpool","article_modified_time":"2022-11-29T14:08:21+00:00","og_image":[{"width":610,"height":320,"url":"https:\/\/hotel-liverpool.com\/wp-content\/uploads\/2022\/11\/meteo-rimini-live-webcam.png","type":"image\/png"}],"twitter_card":"summary_large_image","twitter_misc":{"Dur\u00e9e de lecture estim\u00e9e":"1 minute"},"schema":{"@context":"https:\/\/schema.org","@graph":[{"@type":"WebPage","@id":"https:\/\/hotel-liverpool.com\/fr\/meteo-rimini\/","url":"https:\/\/hotel-liverpool.com\/fr\/meteo-rimini\/","name":"Meteo Rimini Webcam Live","isPartOf":{"@id":"https:\/\/hotel-liverpool.com\/fr\/#website"},"datePublished":"2021-10-28T15:15:14+00:00","dateModified":"2022-11-29T14:08:21+00:00","description":"Pr\u00e9visions M\u00e9t\u00e9o Rimini pour la semaine - M\u00e9t\u00e9o d\u00e9taill\u00e9es \u00e0 7 - 14 jours et conditions actuelles pour Rimini avec notre WEBCAM LIVE sul la PLAGE de Rimini: Temp\u00e9rature, Pluie, Vent, Humidit\u00e9, Pression pour Vos Vacances \u00e0 la mer.","breadcrumb":{"@id":"https:\/\/hotel-liverpool.com\/fr\/meteo-rimini\/#breadcrumb"},"inLanguage":"fr-FR","potentialAction":[{"@type":"ReadAction","target":["https:\/\/hotel-liverpool.com\/fr\/meteo-rimini\/"]}]},{"@type":"BreadcrumbList","@id":"https:\/\/hotel-liverpool.com\/fr\/meteo-rimini\/#breadcrumb","itemListElement":[{"@type":"ListItem","position":1,"name":"Home","item":"https:\/\/hotel-liverpool.com\/fr\/"},{"@type":"ListItem","position":2,"name":"Meteo Rimini Webcam Live"}]},{"@type":"WebSite","@id":"https:\/\/hotel-liverpool.com\/fr\/#website","url":"https:\/\/hotel-liverpool.com\/fr\/","name":"Hotel Liverpool","description":"Hotel All Inclusive Rimini","potentialAction":[{"@type":"SearchAction","target":{"@type":"EntryPoint","urlTemplate":"https:\/\/hotel-liverpool.com\/fr\/?s={search_term_string}"},"query-input":"required name=search_term_string"}],"inLanguage":"fr-FR"}]}},"_links":{"self":[{"href":"https:\/\/hotel-liverpool.com\/fr\/wp-json\/wp\/v2\/pages\/5201","targetHints":{"allow":["GET"]}}],"collection":[{"href":"https:\/\/hotel-liverpool.com\/fr\/wp-json\/wp\/v2\/pages"}],"about":[{"href":"https:\/\/hotel-liverpool.com\/fr\/wp-json\/wp\/v2\/types\/page"}],"author":[{"embeddable":true,"href":"https:\/\/hotel-liverpool.com\/fr\/wp-json\/wp\/v2\/users\/2"}],"replies":[{"embeddable":true,"href":"https:\/\/hotel-liverpool.com\/fr\/wp-json\/wp\/v2\/comments?post=5201"}],"version-history":[{"count":19,"href":"https:\/\/hotel-liverpool.com\/fr\/wp-json\/wp\/v2\/pages\/5201\/revisions"}],"predecessor-version":[{"id":13278,"href":"https:\/\/hotel-liverpool.com\/fr\/wp-json\/wp\/v2\/pages\/5201\/revisions\/13278"}],"wp:featuredmedia":[{"embeddable":true,"href":"https:\/\/hotel-liverpool.com\/fr\/wp-json\/wp\/v2\/media\/13274"}],"wp:attachment":[{"href":"https:\/\/hotel-liverpool.com\/fr\/wp-json\/wp\/v2\/media?parent=5201"}],"curies":[{"name":"wp","href":"https:\/\/api.w.org\/{rel}","templated":true}]}}