{"id":13773,"date":"2023-11-23T13:12:59","date_gmt":"2023-11-23T13:12:59","guid":{"rendered":"https:\/\/hotel-liverpool.com\/elektro-endurotour-offroad-elekromotorraedern\/"},"modified":"2023-11-25T13:48:58","modified_gmt":"2023-11-25T13:48:58","slug":"excursion-en-moto-electrique-tout-terrain-rimini","status":"publish","type":"page","link":"https:\/\/hotel-liverpool.com\/fr\/excursion-en-moto-electrique-tout-terrain-rimini\/","title":{"rendered":"Excursion en Moto \u00c9lectrique Tout-Terrain"},"content":{"rendered":"\t\t<div data-elementor-type=\"wp-page\" data-elementor-id=\"13773\" class=\"elementor elementor-13773 elementor-13718\" data-elementor-post-type=\"page\">\n\t\t\t\t\t\t\t\t\t<section data-particle_enable=\"false\" data-particle-mobile-disabled=\"false\" class=\"elementor-section elementor-top-section elementor-element elementor-element-e819505 elementor-section-stretched elementor-section-height-min-height elementor-section-full_width elementor-section-height-default elementor-section-items-middle\" data-id=\"e819505\" data-element_type=\"section\" data-settings=\"{&quot;stretch_section&quot;:&quot;section-stretched&quot;,&quot;background_background&quot;:&quot;video&quot;,&quot;background_video_link&quot;:&quot;https:\\\/\\\/youtu.be\\\/mrJPh8s8X7c&quot;,&quot;background_play_on_mobile&quot;:&quot;yes&quot;}\">\n\t\t\t\t\t\t\t\t<div class=\"elementor-background-video-container\">\n\t\t\t\t\t\t\t\t\t\t\t\t\t<div class=\"elementor-background-video-embed\"><\/div>\n\t\t\t\t\t\t\t\t\t\t\t\t<\/div>\n\t\t\t\t\t\t\t\t\t<div class=\"elementor-background-overlay\"><\/div>\n\t\t\t\t\t\t\t<div class=\"elementor-container elementor-column-gap-default\">\n\t\t\t\t\t<div class=\"elementor-column elementor-col-100 elementor-top-column elementor-element elementor-element-68bc6ba\" data-id=\"68bc6ba\" data-element_type=\"column\">\n\t\t\t<div class=\"elementor-widget-wrap elementor-element-populated\">\n\t\t\t\t\t\t\t\t<section data-particle_enable=\"false\" data-particle-mobile-disabled=\"false\" class=\"elementor-section elementor-inner-section elementor-element elementor-element-45f8398 elementor-section-boxed elementor-section-height-default elementor-section-height-default\" data-id=\"45f8398\" data-element_type=\"section\">\n\t\t\t\t\t\t<div class=\"elementor-container elementor-column-gap-wide\">\n\t\t\t\t\t<div class=\"elementor-column elementor-col-100 elementor-inner-column elementor-element elementor-element-9c901f6\" data-id=\"9c901f6\" data-element_type=\"column\">\n\t\t\t<div class=\"elementor-widget-wrap\">\n\t\t\t\t\t\t\t\t\t<\/div>\n\t\t<\/div>\n\t\t\t\t\t\t\t<\/div>\n\t\t<\/section>\n\t\t\t\t<div class=\"elementor-element elementor-element-b08e8ed elementor-absolute elementor-invisible elementor-widget elementor-widget-heading\" data-id=\"b08e8ed\" data-element_type=\"widget\" data-settings=\"{&quot;_animation&quot;:&quot;fadeInDown&quot;,&quot;_position&quot;:&quot;absolute&quot;}\" data-widget_type=\"heading.default\">\n\t\t\t\t<div class=\"elementor-widget-container\">\n\t\t\t<h2 class=\"elementor-heading-title elementor-size-default\">Enduro Exp\u00e9rience <br> Aventure Tout-Terrain avec motos \u00e9lectriques<\/h2>\t\t<\/div>\n\t\t\t\t<\/div>\n\t\t\t\t\t<\/div>\n\t\t<\/div>\n\t\t\t\t\t\t\t<\/div>\n\t\t<\/section>\n\t\t\t\t<section data-particle_enable=\"false\" data-particle-mobile-disabled=\"false\" class=\"elementor-section elementor-top-section elementor-element elementor-element-64dbe71 elementor-section-content-middle elementor-section-boxed elementor-section-height-default elementor-section-height-default\" data-id=\"64dbe71\" data-element_type=\"section\">\n\t\t\t\t\t\t<div class=\"elementor-container elementor-column-gap-default\">\n\t\t\t\t\t<div class=\"elementor-column elementor-col-50 elementor-top-column elementor-element elementor-element-776bf13\" data-id=\"776bf13\" data-element_type=\"column\">\n\t\t\t<div class=\"elementor-widget-wrap elementor-element-populated\">\n\t\t\t\t\t\t\t\t<div class=\"elementor-element elementor-element-f98ab34 elementor-pagination-position-inside elementor-widget elementor-widget-image-carousel\" data-id=\"f98ab34\" data-element_type=\"widget\" data-settings=\"{&quot;slides_to_show&quot;:&quot;1&quot;,&quot;navigation&quot;:&quot;dots&quot;,&quot;effect&quot;:&quot;fade&quot;,&quot;autoplay&quot;:&quot;yes&quot;,&quot;pause_on_hover&quot;:&quot;yes&quot;,&quot;pause_on_interaction&quot;:&quot;yes&quot;,&quot;autoplay_speed&quot;:5000,&quot;infinite&quot;:&quot;yes&quot;,&quot;speed&quot;:500}\" data-widget_type=\"image-carousel.default\">\n\t\t\t\t<div class=\"elementor-widget-container\">\n\t\t\t\t\t<div class=\"elementor-image-carousel-wrapper swiper-container\" dir=\"ltr\">\n\t\t\t<div class=\"elementor-image-carousel swiper-wrapper\" aria-live=\"off\">\n\t\t\t\t\t\t\t\t<div class=\"swiper-slide\" role=\"group\" aria-roledescription=\"slide\" aria-label=\"1 sur 1\"><figure class=\"swiper-slide-inner\"><img decoding=\"async\" class=\"swiper-slide-image\" src=\"https:\/\/hotel-liverpool.com\/wp-content\/uploads\/elementor\/thumbs\/nature-experience-rimini-qfsaeyxhkr17q12umwb4ajl0u28c5pho9ci51gkhyk.jpg\" alt=\"Enduro Experience - Offroad-Erlebnis mit Elektromotorr\u00e4dern\" \/><\/figure><\/div>\t\t\t<\/div>\n\t\t\t\t\t<\/div>\n\t\t\t\t<\/div>\n\t\t\t\t<\/div>\n\t\t\t\t\t<\/div>\n\t\t<\/div>\n\t\t\t\t<div class=\"elementor-column elementor-col-50 elementor-top-column elementor-element elementor-element-70b6898\" data-id=\"70b6898\" data-element_type=\"column\">\n\t\t\t<div class=\"elementor-widget-wrap elementor-element-populated\">\n\t\t\t\t\t\t\t\t<div class=\"elementor-element elementor-element-311e750 elementor-widget elementor-widget-heading\" data-id=\"311e750\" data-element_type=\"widget\" data-widget_type=\"heading.default\">\n\t\t\t\t<div class=\"elementor-widget-container\">\n\t\t\t<h5 class=\"elementor-heading-title elementor-size-default\">Plongez dans l'aventure passionnante des randonn\u00e9es en \u00e9lectro-enduro !<br>(Venez profiter d'un tour sur une moto-cross \u00e9lectrique)\n\n\n\n\n\n<\/h5>\t\t<\/div>\n\t\t\t\t<\/div>\n\t\t\t\t<div class=\"elementor-element elementor-element-5b9a403 elementor-widget elementor-widget-heading\" data-id=\"5b9a403\" data-element_type=\"widget\" data-widget_type=\"heading.default\">\n\t\t\t\t<div class=\"elementor-widget-container\">\n\t\t\t<h1 class=\"elementor-heading-title elementor-size-xxl\">Aventure avec des motos \u00e9lectriques\n<\/h1>\t\t<\/div>\n\t\t\t\t<\/div>\n\t\t\t\t<div class=\"elementor-element elementor-element-d40ad85 elementor-widget elementor-widget-heading\" data-id=\"d40ad85\" data-element_type=\"widget\" data-widget_type=\"heading.default\">\n\t\t\t\t<div class=\"elementor-widget-container\">\n\t\t\t<p class=\"elementor-heading-title elementor-size-default\">Plongez au c\u0153ur d'une exp\u00e9rience unique en moto \u00e9lectrique dans un parcours d'enduro passionnant. <br><br>Explorez les sentiers pittoresques, laissez-vous emporter par la beaut\u00e9 de la nature et vivez des moments inoubliables. <br><br>Nos excursions en moto \u00e9lectrique offrent une mani\u00e8re captivante de d\u00e9couvrir des paysages exceptionnels tout en respectant l'environnement.<\/p>\t\t<\/div>\n\t\t\t\t<\/div>\n\t\t\t\t<div class=\"elementor-element elementor-element-e688692 elementor-widget elementor-widget-spacer\" data-id=\"e688692\" data-element_type=\"widget\" data-widget_type=\"spacer.default\">\n\t\t\t\t<div class=\"elementor-widget-container\">\n\t\t\t\t\t<div class=\"elementor-spacer\">\n\t\t\t<div class=\"elementor-spacer-inner\"><\/div>\n\t\t<\/div>\n\t\t\t\t<\/div>\n\t\t\t\t<\/div>\n\t\t\t\t\t<\/div>\n\t\t<\/div>\n\t\t\t\t\t\t\t<\/div>\n\t\t<\/section>\n\t\t\t\t<section data-particle_enable=\"false\" data-particle-mobile-disabled=\"false\" class=\"elementor-section elementor-top-section elementor-element elementor-element-0f316d1 elementor-section-boxed elementor-section-height-default elementor-section-height-default\" data-id=\"0f316d1\" data-element_type=\"section\" data-settings=\"{&quot;background_background&quot;:&quot;classic&quot;}\">\n\t\t\t\t\t\t<div class=\"elementor-container elementor-column-gap-default\">\n\t\t\t\t\t<div class=\"elementor-column elementor-col-50 elementor-top-column elementor-element elementor-element-727bf5e\" data-id=\"727bf5e\" data-element_type=\"column\">\n\t\t\t<div class=\"elementor-widget-wrap elementor-element-populated\">\n\t\t\t\t\t\t\t\t<div class=\"elementor-element elementor-element-6df4962 elementor-widget elementor-widget-heading\" data-id=\"6df4962\" data-element_type=\"widget\" data-widget_type=\"heading.default\">\n\t\t\t\t<div class=\"elementor-widget-container\">\n\t\t\t<h5 class=\"elementor-heading-title elementor-size-default\">Les motos \u00e9lectriques sont silencieuses et n'\u00e9mettent aucun polluant, vous permettant d'explorer les sentiers en toute tranquillit\u00e9.\n<\/h5>\t\t<\/div>\n\t\t\t\t<\/div>\n\t\t\t\t<div class=\"elementor-element elementor-element-00c0423 elementor-widget elementor-widget-heading\" data-id=\"00c0423\" data-element_type=\"widget\" data-widget_type=\"heading.default\">\n\t\t\t\t<div class=\"elementor-widget-container\">\n\t\t\t<h1 class=\"elementor-heading-title elementor-size-xxl\">Vivez une exp\u00e9rience unique en moto \u00e9lectrique tout-terrain avec nos excursions.<\/h1>\t\t<\/div>\n\t\t\t\t<\/div>\n\t\t\t\t<div class=\"elementor-element elementor-element-186ec50 elementor-widget elementor-widget-heading\" data-id=\"186ec50\" data-element_type=\"widget\" data-widget_type=\"heading.default\">\n\t\t\t\t<div class=\"elementor-widget-container\">\n\t\t\t<p class=\"elementor-heading-title elementor-size-default\">D\u00e9couvrez les plus beaux sentiers de Rimini en Enduro \u00e9lectrique.<br><br>\n\nNos visites sont adapt\u00e9es \u00e0 tous les niveaux d'exp\u00e9rience, des d\u00e9butants aux pilotes confirm\u00e9s.<br><br>\n\nNos guides exp\u00e9riment\u00e9s vous accompagnent pour une aventure inoubliable.<br><br>\n\nIls vous enseigneront les techniques de pilotage de base et vous r\u00e9v\u00e9leront les secrets du sport Enduro.\n<br><br>\nL'Enduro \u00e9lectrique est une exp\u00e9rience unique qui vous permet de profiter de la nature de mani\u00e8re durable.<\/p>\t\t<\/div>\n\t\t\t\t<\/div>\n\t\t\t\t<div class=\"elementor-element elementor-element-d3b94ea elementor-widget elementor-widget-spacer\" data-id=\"d3b94ea\" data-element_type=\"widget\" data-widget_type=\"spacer.default\">\n\t\t\t\t<div class=\"elementor-widget-container\">\n\t\t\t\t\t<div class=\"elementor-spacer\">\n\t\t\t<div class=\"elementor-spacer-inner\"><\/div>\n\t\t<\/div>\n\t\t\t\t<\/div>\n\t\t\t\t<\/div>\n\t\t\t\t\t<\/div>\n\t\t<\/div>\n\t\t\t\t<div class=\"elementor-column elementor-col-50 elementor-top-column elementor-element elementor-element-51cf593\" data-id=\"51cf593\" data-element_type=\"column\">\n\t\t\t<div class=\"elementor-widget-wrap elementor-element-populated\">\n\t\t\t\t\t\t\t\t<div class=\"elementor-element elementor-element-077c860 elementor-pagination-position-inside elementor-widget elementor-widget-image-carousel\" data-id=\"077c860\" data-element_type=\"widget\" data-settings=\"{&quot;slides_to_show&quot;:&quot;1&quot;,&quot;navigation&quot;:&quot;dots&quot;,&quot;effect&quot;:&quot;fade&quot;,&quot;autoplay&quot;:&quot;yes&quot;,&quot;pause_on_hover&quot;:&quot;yes&quot;,&quot;pause_on_interaction&quot;:&quot;yes&quot;,&quot;autoplay_speed&quot;:5000,&quot;infinite&quot;:&quot;yes&quot;,&quot;speed&quot;:500}\" data-widget_type=\"image-carousel.default\">\n\t\t\t\t<div class=\"elementor-widget-container\">\n\t\t\t\t\t<div class=\"elementor-image-carousel-wrapper swiper-container\" dir=\"ltr\">\n\t\t\t<div class=\"elementor-image-carousel swiper-wrapper\" aria-live=\"off\">\n\t\t\t\t\t\t\t\t<div class=\"swiper-slide\" role=\"group\" aria-roledescription=\"slide\" aria-label=\"1 sur 1\"><figure class=\"swiper-slide-inner\"><img decoding=\"async\" class=\"swiper-slide-image\" src=\"https:\/\/hotel-liverpool.com\/wp-content\/uploads\/elementor\/thumbs\/dscn0003-qfsax62zw9y2i8n7d9i32g9avmj66qql3f7kjbl3ho.jpg\" alt=\"dscn0003\" \/><\/figure><\/div>\t\t\t<\/div>\n\t\t\t\t\t<\/div>\n\t\t\t\t<\/div>\n\t\t\t\t<\/div>\n\t\t\t\t\t<\/div>\n\t\t<\/div>\n\t\t\t\t\t\t\t<\/div>\n\t\t<\/section>\n\t\t\t\t\t\t\t<\/div>\n\t\t","protected":false},"excerpt":{"rendered":"<p>Enduro Exp\u00e9rience Aventure Tout-Terrain avec motos \u00e9lectriques Plongez dans l&rsquo;aventure passionnante des randonn\u00e9es en \u00e9lectro-enduro !(Venez profiter d&rsquo;un tour sur une moto-cross \u00e9lectrique) Aventure avec des motos \u00e9lectriques Plongez au c\u0153ur d&rsquo;une exp\u00e9rience unique en moto \u00e9lectrique dans un parcours d&rsquo;enduro passionnant. Explorez les sentiers pittoresques, laissez-vous emporter par la beaut\u00e9 de la nature et [&hellip;]<\/p>\n","protected":false},"author":2,"featured_media":13722,"parent":0,"menu_order":0,"comment_status":"closed","ping_status":"closed","template":"elementor_header_footer","meta":{"footnotes":""},"class_list":["post-13773","page","type-page","status-publish","has-post-thumbnail","hentry"],"yoast_head":"<!-- This site is optimized with the Yoast SEO plugin v21.8 - https:\/\/yoast.com\/wordpress\/plugins\/seo\/ -->\n<title>\ud83c\udfcd\ufe0f\ud83c\udf04\ud83c\udfcd\ufe0f Excursion en Moto \u00c9lectrique Tout-Terrain\ud83c\udfcd\ufe0f\ud83c\udf04\ud83c\udfcd\ufe0f<\/title>\n<meta name=\"description\" content=\"Vivez une Exp\u00e9rience Unique en Moto \u00e9lectrique Tout-Terrain avec nos Excursions\ud83c\udfcd\ufe0f\ud83c\udf04\ud83c\udfcd\ufe0f Visites guid\u00e9es par un professionnel pour d\u00e9couvrir les plus beaux endroits de l&#039;arri\u00e8re-pays de Rimini, en pleine nature.\" \/>\n<meta name=\"robots\" content=\"index, follow, max-snippet:-1, max-image-preview:large, max-video-preview:-1\" \/>\n<link rel=\"canonical\" href=\"https:\/\/hotel-liverpool.com\/fr\/excursion-en-moto-electrique-tout-terrain-rimini\/\" \/>\n<meta property=\"og:locale\" content=\"fr_FR\" \/>\n<meta property=\"og:type\" content=\"article\" \/>\n<meta property=\"og:title\" content=\"\ud83c\udfcd\ufe0f\ud83c\udf04\ud83c\udfcd\ufe0f Excursion en Moto \u00c9lectrique Tout-Terrain\ud83c\udfcd\ufe0f\ud83c\udf04\ud83c\udfcd\ufe0f\" \/>\n<meta property=\"og:description\" content=\"Vivez une Exp\u00e9rience Unique en Moto \u00e9lectrique Tout-Terrain avec nos Excursions\ud83c\udfcd\ufe0f\ud83c\udf04\ud83c\udfcd\ufe0f Visites guid\u00e9es par un professionnel pour d\u00e9couvrir les plus beaux endroits de l&#039;arri\u00e8re-pays de Rimini, en pleine nature.\" \/>\n<meta property=\"og:url\" content=\"https:\/\/hotel-liverpool.com\/fr\/excursion-en-moto-electrique-tout-terrain-rimini\/\" \/>\n<meta property=\"og:site_name\" content=\"Hotel Liverpool\" \/>\n<meta property=\"article:modified_time\" content=\"2023-11-25T13:48:58+00:00\" \/>\n<meta property=\"og:image\" content=\"https:\/\/hotel-liverpool.com\/wp-content\/uploads\/2023\/11\/nature-experience-rimini.jpg\" \/>\n\t<meta property=\"og:image:width\" content=\"2000\" \/>\n\t<meta property=\"og:image:height\" content=\"1000\" \/>\n\t<meta property=\"og:image:type\" content=\"image\/jpeg\" \/>\n<meta name=\"twitter:card\" content=\"summary_large_image\" \/>\n<meta name=\"twitter:label1\" content=\"Dur\u00e9e de lecture estim\u00e9e\" \/>\n\t<meta name=\"twitter:data1\" content=\"2 minutes\" \/>\n<script type=\"application\/ld+json\" class=\"yoast-schema-graph\">{\"@context\":\"https:\/\/schema.org\",\"@graph\":[{\"@type\":\"WebPage\",\"@id\":\"https:\/\/hotel-liverpool.com\/fr\/excursion-en-moto-electrique-tout-terrain-rimini\/\",\"url\":\"https:\/\/hotel-liverpool.com\/fr\/excursion-en-moto-electrique-tout-terrain-rimini\/\",\"name\":\"\ud83c\udfcd\ufe0f\ud83c\udf04\ud83c\udfcd\ufe0f Excursion en Moto \u00c9lectrique Tout-Terrain\ud83c\udfcd\ufe0f\ud83c\udf04\ud83c\udfcd\ufe0f\",\"isPartOf\":{\"@id\":\"https:\/\/hotel-liverpool.com\/fr\/#website\"},\"datePublished\":\"2023-11-23T13:12:59+00:00\",\"dateModified\":\"2023-11-25T13:48:58+00:00\",\"description\":\"Vivez une Exp\u00e9rience Unique en Moto \u00e9lectrique Tout-Terrain avec nos Excursions\ud83c\udfcd\ufe0f\ud83c\udf04\ud83c\udfcd\ufe0f Visites guid\u00e9es par un professionnel pour d\u00e9couvrir les plus beaux endroits de l'arri\u00e8re-pays de Rimini, en pleine nature.\",\"breadcrumb\":{\"@id\":\"https:\/\/hotel-liverpool.com\/fr\/excursion-en-moto-electrique-tout-terrain-rimini\/#breadcrumb\"},\"inLanguage\":\"fr-FR\",\"potentialAction\":[{\"@type\":\"ReadAction\",\"target\":[\"https:\/\/hotel-liverpool.com\/fr\/excursion-en-moto-electrique-tout-terrain-rimini\/\"]}]},{\"@type\":\"BreadcrumbList\",\"@id\":\"https:\/\/hotel-liverpool.com\/fr\/excursion-en-moto-electrique-tout-terrain-rimini\/#breadcrumb\",\"itemListElement\":[{\"@type\":\"ListItem\",\"position\":1,\"name\":\"Home\",\"item\":\"https:\/\/hotel-liverpool.com\/fr\/\"},{\"@type\":\"ListItem\",\"position\":2,\"name\":\"Excursion en Moto \u00c9lectrique Tout-Terrain\"}]},{\"@type\":\"WebSite\",\"@id\":\"https:\/\/hotel-liverpool.com\/fr\/#website\",\"url\":\"https:\/\/hotel-liverpool.com\/fr\/\",\"name\":\"Hotel Liverpool\",\"description\":\"Hotel All Inclusive Rimini\",\"potentialAction\":[{\"@type\":\"SearchAction\",\"target\":{\"@type\":\"EntryPoint\",\"urlTemplate\":\"https:\/\/hotel-liverpool.com\/fr\/?s={search_term_string}\"},\"query-input\":\"required name=search_term_string\"}],\"inLanguage\":\"fr-FR\"}]}<\/script>\n<!-- \/ Yoast SEO plugin. -->","yoast_head_json":{"title":"\ud83c\udfcd\ufe0f\ud83c\udf04\ud83c\udfcd\ufe0f Excursion en Moto \u00c9lectrique Tout-Terrain\ud83c\udfcd\ufe0f\ud83c\udf04\ud83c\udfcd\ufe0f","description":"Vivez une Exp\u00e9rience Unique en Moto \u00e9lectrique Tout-Terrain avec nos Excursions\ud83c\udfcd\ufe0f\ud83c\udf04\ud83c\udfcd\ufe0f Visites guid\u00e9es par un professionnel pour d\u00e9couvrir les plus beaux endroits de l'arri\u00e8re-pays de Rimini, en pleine nature.","robots":{"index":"index","follow":"follow","max-snippet":"max-snippet:-1","max-image-preview":"max-image-preview:large","max-video-preview":"max-video-preview:-1"},"canonical":"https:\/\/hotel-liverpool.com\/fr\/excursion-en-moto-electrique-tout-terrain-rimini\/","og_locale":"fr_FR","og_type":"article","og_title":"\ud83c\udfcd\ufe0f\ud83c\udf04\ud83c\udfcd\ufe0f Excursion en Moto \u00c9lectrique Tout-Terrain\ud83c\udfcd\ufe0f\ud83c\udf04\ud83c\udfcd\ufe0f","og_description":"Vivez une Exp\u00e9rience Unique en Moto \u00e9lectrique Tout-Terrain avec nos Excursions\ud83c\udfcd\ufe0f\ud83c\udf04\ud83c\udfcd\ufe0f Visites guid\u00e9es par un professionnel pour d\u00e9couvrir les plus beaux endroits de l'arri\u00e8re-pays de Rimini, en pleine nature.","og_url":"https:\/\/hotel-liverpool.com\/fr\/excursion-en-moto-electrique-tout-terrain-rimini\/","og_site_name":"Hotel Liverpool","article_modified_time":"2023-11-25T13:48:58+00:00","og_image":[{"width":2000,"height":1000,"url":"https:\/\/hotel-liverpool.com\/wp-content\/uploads\/2023\/11\/nature-experience-rimini.jpg","type":"image\/jpeg"}],"twitter_card":"summary_large_image","twitter_misc":{"Dur\u00e9e de lecture estim\u00e9e":"2 minutes"},"schema":{"@context":"https:\/\/schema.org","@graph":[{"@type":"WebPage","@id":"https:\/\/hotel-liverpool.com\/fr\/excursion-en-moto-electrique-tout-terrain-rimini\/","url":"https:\/\/hotel-liverpool.com\/fr\/excursion-en-moto-electrique-tout-terrain-rimini\/","name":"\ud83c\udfcd\ufe0f\ud83c\udf04\ud83c\udfcd\ufe0f Excursion en Moto \u00c9lectrique Tout-Terrain\ud83c\udfcd\ufe0f\ud83c\udf04\ud83c\udfcd\ufe0f","isPartOf":{"@id":"https:\/\/hotel-liverpool.com\/fr\/#website"},"datePublished":"2023-11-23T13:12:59+00:00","dateModified":"2023-11-25T13:48:58+00:00","description":"Vivez une Exp\u00e9rience Unique en Moto \u00e9lectrique Tout-Terrain avec nos Excursions\ud83c\udfcd\ufe0f\ud83c\udf04\ud83c\udfcd\ufe0f Visites guid\u00e9es par un professionnel pour d\u00e9couvrir les plus beaux endroits de l'arri\u00e8re-pays de Rimini, en pleine nature.","breadcrumb":{"@id":"https:\/\/hotel-liverpool.com\/fr\/excursion-en-moto-electrique-tout-terrain-rimini\/#breadcrumb"},"inLanguage":"fr-FR","potentialAction":[{"@type":"ReadAction","target":["https:\/\/hotel-liverpool.com\/fr\/excursion-en-moto-electrique-tout-terrain-rimini\/"]}]},{"@type":"BreadcrumbList","@id":"https:\/\/hotel-liverpool.com\/fr\/excursion-en-moto-electrique-tout-terrain-rimini\/#breadcrumb","itemListElement":[{"@type":"ListItem","position":1,"name":"Home","item":"https:\/\/hotel-liverpool.com\/fr\/"},{"@type":"ListItem","position":2,"name":"Excursion en Moto \u00c9lectrique Tout-Terrain"}]},{"@type":"WebSite","@id":"https:\/\/hotel-liverpool.com\/fr\/#website","url":"https:\/\/hotel-liverpool.com\/fr\/","name":"Hotel Liverpool","description":"Hotel All Inclusive Rimini","potentialAction":[{"@type":"SearchAction","target":{"@type":"EntryPoint","urlTemplate":"https:\/\/hotel-liverpool.com\/fr\/?s={search_term_string}"},"query-input":"required name=search_term_string"}],"inLanguage":"fr-FR"}]}},"_links":{"self":[{"href":"https:\/\/hotel-liverpool.com\/fr\/wp-json\/wp\/v2\/pages\/13773","targetHints":{"allow":["GET"]}}],"collection":[{"href":"https:\/\/hotel-liverpool.com\/fr\/wp-json\/wp\/v2\/pages"}],"about":[{"href":"https:\/\/hotel-liverpool.com\/fr\/wp-json\/wp\/v2\/types\/page"}],"author":[{"embeddable":true,"href":"https:\/\/hotel-liverpool.com\/fr\/wp-json\/wp\/v2\/users\/2"}],"replies":[{"embeddable":true,"href":"https:\/\/hotel-liverpool.com\/fr\/wp-json\/wp\/v2\/comments?post=13773"}],"version-history":[{"count":10,"href":"https:\/\/hotel-liverpool.com\/fr\/wp-json\/wp\/v2\/pages\/13773\/revisions"}],"predecessor-version":[{"id":13785,"href":"https:\/\/hotel-liverpool.com\/fr\/wp-json\/wp\/v2\/pages\/13773\/revisions\/13785"}],"wp:featuredmedia":[{"embeddable":true,"href":"https:\/\/hotel-liverpool.com\/fr\/wp-json\/wp\/v2\/media\/13722"}],"wp:attachment":[{"href":"https:\/\/hotel-liverpool.com\/fr\/wp-json\/wp\/v2\/media?parent=13773"}],"curies":[{"name":"wp","href":"https:\/\/api.w.org\/{rel}","templated":true}]}}