{"id":10269,"date":"2022-01-03T11:03:55","date_gmt":"2022-01-03T11:03:55","guid":{"rendered":"https:\/\/hotel-liverpool.com\/richiedi-preventivo\/"},"modified":"2024-11-15T15:59:53","modified_gmt":"2024-11-15T15:59:53","slug":"demande-de-devis","status":"publish","type":"page","link":"https:\/\/hotel-liverpool.com\/fr\/demande-de-devis\/","title":{"rendered":"Demande de devis"},"content":{"rendered":"\t\t<div data-elementor-type=\"wp-page\" data-elementor-id=\"10269\" class=\"elementor elementor-10269 elementor-8384\" data-elementor-post-type=\"page\">\n\t\t\t\t\t\t\t\t\t<section data-particle_enable=\"false\" data-particle-mobile-disabled=\"false\" class=\"elementor-section elementor-top-section elementor-element elementor-element-553cdb5f elementor-section-stretched elementor-section-boxed elementor-section-height-default elementor-section-height-default\" data-id=\"553cdb5f\" data-element_type=\"section\" data-settings=\"{&quot;stretch_section&quot;:&quot;section-stretched&quot;,&quot;background_background&quot;:&quot;classic&quot;}\">\n\t\t\t\t\t\t\t<div class=\"elementor-background-overlay\"><\/div>\n\t\t\t\t\t\t\t<div class=\"elementor-container elementor-column-gap-default\">\n\t\t\t\t\t<div class=\"elementor-column elementor-col-100 elementor-top-column elementor-element elementor-element-2315f492\" data-id=\"2315f492\" data-element_type=\"column\">\n\t\t\t<div class=\"elementor-widget-wrap elementor-element-populated\">\n\t\t\t\t\t\t\t\t<div class=\"elementor-element elementor-element-428fb7f9 elementor-widget elementor-widget-heading\" data-id=\"428fb7f9\" data-element_type=\"widget\" data-widget_type=\"heading.default\">\n\t\t\t\t<div class=\"elementor-widget-container\">\n\t\t\t<h1 class=\"elementor-heading-title elementor-size-xxl\">Demande de devis<\/h1>\t\t<\/div>\n\t\t\t\t<\/div>\n\t\t\t\t\t<\/div>\n\t\t<\/div>\n\t\t\t\t\t\t\t<\/div>\n\t\t<\/section>\n\t\t\t\t<section data-particle_enable=\"false\" data-particle-mobile-disabled=\"false\" class=\"elementor-section elementor-top-section elementor-element elementor-element-62fa753 elementor-section-boxed elementor-section-height-default elementor-section-height-default\" data-id=\"62fa753\" data-element_type=\"section\">\n\t\t\t\t\t\t<div class=\"elementor-container elementor-column-gap-default\">\n\t\t\t\t\t<div class=\"elementor-column elementor-col-100 elementor-top-column elementor-element elementor-element-1fb7e81\" data-id=\"1fb7e81\" data-element_type=\"column\">\n\t\t\t<div class=\"elementor-widget-wrap elementor-element-populated\">\n\t\t\t\t\t\t\t\t<div class=\"elementor-element elementor-element-3450cb7b elementor-button-align-stretch elementor-widget elementor-widget-form\" data-id=\"3450cb7b\" data-element_type=\"widget\" data-settings=\"{&quot;step_next_label&quot;:&quot;Next&quot;,&quot;step_previous_label&quot;:&quot;Previous&quot;,&quot;button_width&quot;:&quot;100&quot;,&quot;step_type&quot;:&quot;number_text&quot;,&quot;step_icon_shape&quot;:&quot;circle&quot;}\" data-widget_type=\"form.default\">\n\t\t\t\t<div class=\"elementor-widget-container\">\n\t\t\t\t\t<form class=\"elementor-form\" method=\"post\" name=\"Preventivo Contatti\">\n\t\t\t<input type=\"hidden\" name=\"post_id\" value=\"10269\"\/>\n\t\t\t<input type=\"hidden\" name=\"form_id\" value=\"3450cb7b\"\/>\n\t\t\t<input type=\"hidden\" name=\"referer_title\" value=\"Hotel Liverpool\" \/>\n\n\t\t\t\n\t\t\t<div class=\"elementor-form-fields-wrapper elementor-labels-\">\n\t\t\t\t\t\t\t\t<div class=\"elementor-field-type-text elementor-field-group elementor-column elementor-field-group-name elementor-col-50 elementor-field-required\">\n\t\t\t\t\t\t\t\t\t\t\t\t<label for=\"form-field-name\" class=\"elementor-field-label elementor-screen-only\">\n\t\t\t\t\t\t\t\tNome\t\t\t\t\t\t\t<\/label>\n\t\t\t\t\t\t\t\t\t\t\t\t\t\t<input size=\"1\" type=\"text\" name=\"form_fields[name]\" id=\"form-field-name\" class=\"elementor-field elementor-size-md  elementor-field-textual\" placeholder=\"Pr\u00e9nom\" required=\"required\" aria-required=\"true\">\n\t\t\t\t\t\t\t\t\t\t\t<\/div>\n\t\t\t\t\t\t\t\t<div class=\"elementor-field-type-text elementor-field-group elementor-column elementor-field-group-Cognome elementor-col-50 elementor-field-required\">\n\t\t\t\t\t\t\t\t\t\t\t\t<label for=\"form-field-Cognome\" class=\"elementor-field-label elementor-screen-only\">\n\t\t\t\t\t\t\t\tCognome\t\t\t\t\t\t\t<\/label>\n\t\t\t\t\t\t\t\t\t\t\t\t\t\t<input size=\"1\" type=\"text\" name=\"form_fields[Cognome]\" id=\"form-field-Cognome\" class=\"elementor-field elementor-size-md  elementor-field-textual\" placeholder=\"Nom\" required=\"required\" aria-required=\"true\">\n\t\t\t\t\t\t\t\t\t\t\t<\/div>\n\t\t\t\t\t\t\t\t<div class=\"elementor-field-type-email elementor-field-group elementor-column elementor-field-group-email elementor-col-50 elementor-field-required\">\n\t\t\t\t\t\t\t\t\t\t\t\t<label for=\"form-field-email\" class=\"elementor-field-label elementor-screen-only\">\n\t\t\t\t\t\t\t\tEmail\t\t\t\t\t\t\t<\/label>\n\t\t\t\t\t\t\t\t\t\t\t\t\t\t<input size=\"1\" type=\"email\" name=\"form_fields[email]\" id=\"form-field-email\" class=\"elementor-field elementor-size-md  elementor-field-textual\" placeholder=\"Email\" required=\"required\" aria-required=\"true\">\n\t\t\t\t\t\t\t\t\t\t\t<\/div>\n\t\t\t\t\t\t\t\t<div class=\"elementor-field-type-number elementor-field-group elementor-column elementor-field-group-Telefono elementor-col-50\">\n\t\t\t\t\t\t\t\t\t\t\t\t<label for=\"form-field-Telefono\" class=\"elementor-field-label elementor-screen-only\">\n\t\t\t\t\t\t\t\tTelefono\t\t\t\t\t\t\t<\/label>\n\t\t\t\t\t\t\t\t\t<input type=\"number\" name=\"form_fields[Telefono]\" id=\"form-field-Telefono\" class=\"elementor-field elementor-size-md  elementor-field-textual\" placeholder=\"Telefon\" min=\"\" max=\"\" >\n\t\t\t\t\t\t<\/div>\n\t\t\t\t\t\t\t\t<div class=\"elementor-field-type-date elementor-field-group elementor-column elementor-field-group-data_arrivo elementor-col-50 elementor-field-required\">\n\t\t\t\t\t\t\t\t\t\t\t\t<label for=\"form-field-data_arrivo\" class=\"elementor-field-label elementor-screen-only\">\n\t\t\t\t\t\t\t\tdata_arrivo\t\t\t\t\t\t\t<\/label>\n\t\t\t\t\t\t\n\t\t<input type=\"date\" name=\"form_fields[data_arrivo]\" id=\"form-field-data_arrivo\" class=\"elementor-field elementor-size-md  elementor-field-textual elementor-date-field\" placeholder=\"Date d&#039;arriv\u00e9e\" required=\"required\" aria-required=\"true\" pattern=\"[0-9]{4}-[0-9]{2}-[0-9]{2}\">\n\t\t\t\t\t\t<\/div>\n\t\t\t\t\t\t\t\t<div class=\"elementor-field-type-date elementor-field-group elementor-column elementor-field-group-data_partenza elementor-col-50 elementor-field-required\">\n\t\t\t\t\t\t\t\t\t\t\t\t<label for=\"form-field-data_partenza\" class=\"elementor-field-label elementor-screen-only\">\n\t\t\t\t\t\t\t\tdata_partenza\t\t\t\t\t\t\t<\/label>\n\t\t\t\t\t\t\n\t\t<input type=\"date\" name=\"form_fields[data_partenza]\" id=\"form-field-data_partenza\" class=\"elementor-field elementor-size-md  elementor-field-textual elementor-date-field\" placeholder=\"Depart\" required=\"required\" aria-required=\"true\" pattern=\"[0-9]{4}-[0-9]{2}-[0-9]{2}\">\n\t\t\t\t\t\t<\/div>\n\t\t\t\t\t\t\t\t<div class=\"elementor-field-type-text elementor-field-group elementor-column elementor-field-group-field_20b28cc elementor-col-50 elementor-field-required\">\n\t\t\t\t\t\t\t\t\t\t\t\t<label for=\"form-field-field_20b28cc\" class=\"elementor-field-label elementor-screen-only\">\n\t\t\t\t\t\t\t\tnumero_adulti\t\t\t\t\t\t\t<\/label>\n\t\t\t\t\t\t\t\t\t\t\t\t\t\t<input size=\"1\" type=\"text\" name=\"form_fields[field_20b28cc]\" id=\"form-field-field_20b28cc\" class=\"elementor-field elementor-size-md  elementor-field-textual\" placeholder=\"Adultes\" required=\"required\" aria-required=\"true\">\n\t\t\t\t\t\t\t\t\t\t\t<\/div>\n\t\t\t\t\t\t\t\t<div class=\"elementor-field-type-text elementor-field-group elementor-column elementor-field-group-field_d0450c3 elementor-col-50\">\n\t\t\t\t\t\t\t\t\t\t\t\t<label for=\"form-field-field_d0450c3\" class=\"elementor-field-label elementor-screen-only\">\n\t\t\t\t\t\t\t\tform_bambini\t\t\t\t\t\t\t<\/label>\n\t\t\t\t\t\t\t\t\t\t\t\t\t\t<input size=\"1\" type=\"text\" name=\"form_fields[field_d0450c3]\" id=\"form-field-field_d0450c3\" class=\"elementor-field elementor-size-md  elementor-field-textual\" placeholder=\"Enfants\">\n\t\t\t\t\t\t\t\t\t\t\t<\/div>\n\t\t\t\t\t\t\t\t<div class=\"elementor-field-type-select elementor-field-group elementor-column elementor-field-group-TipologiaOfferta elementor-col-100\">\n\t\t\t\t\t\t\t\t\t\t\t\t<label for=\"form-field-TipologiaOfferta\" class=\"elementor-field-label elementor-screen-only\">\n\t\t\t\t\t\t\t\tTipologiaOfferta\t\t\t\t\t\t\t<\/label>\n\t\t\t\t\t\t\t\t<div class=\"elementor-field elementor-select-wrapper remove-before \">\n\t\t\t<div class=\"select-caret-down-wrapper\">\n\t\t\t\t<i aria-hidden=\"true\" class=\"eicon-caret-down\"><\/i>\t\t\t<\/div>\n\t\t\t<select name=\"form_fields[TipologiaOfferta]\" id=\"form-field-TipologiaOfferta\" class=\"elementor-field-textual elementor-size-md\">\n\t\t\t\t\t\t\t\t\t<option value=\"Choisissez votre offre\">Choisissez votre offre<\/option>\n\t\t\t\t\t\t\t\t\t<option value=\"2289\">Pension compl\u00e8te<\/option>\n\t\t\t\t\t\t\t\t\t<option value=\"2296\">All Inclusive Silver<\/option>\n\t\t\t\t\t\t\t\t\t<option value=\"2290\">All Inclusive Diamond<\/option>\n\t\t\t\t\t\t\t\t\t<option value=\"2308\">All Inclusive Gold + Pic Nic<\/option>\n\t\t\t\t\t\t\t\t\t<option value=\"2393\">Gold + Ap\u00e9ro en Bateau \u00e0 Voile<\/option>\n\t\t\t\t\t\t\t\t\t<option value=\"2396\">Gold + D\u00eener au restaurant de la Plage<\/option>\n\t\t\t\t\t\t\t\t\t<option value=\"2395\">Gold + D\u00eener dans Ch\u00e2teau-Restaurant<\/option>\n\t\t\t\t\t\t\t\t\t<option value=\"2394\">Gold + Cours de Cuisine<\/option>\n\t\t\t\t\t\t\t\t\t<option value=\"2397\">Gold + Journ\u00e9e de P\u00eache en Mer<\/option>\n\t\t\t\t\t\t\t\t\t<option value=\"5135\">All Inclusive Gold + D\u00eener dans 4 Restaurants<\/option>\n\t\t\t\t\t\t\t\t\t<option value=\"2399\">Gold + Bike Tour<\/option>\n\t\t\t\t\t\t\t\t\t<option value=\"2398\">Gold + D\u00e9gustation dans les Caves<\/option>\n\t\t\t\t\t\t\t\t\t<option value=\"9612\">Gold + Yoga<\/option>\n\t\t\t\t\t\t\t\t\t<option value=\"16515\">Gold + Ap\u00e9ritif dans le Vignoble au Bord de la Mer<\/option>\n\t\t\t\t\t\t\t\t\t<option value=\"16631\">Gold + Enduro Experience<\/option>\n\t\t\t\t\t\t\t<\/select>\n\t\t<\/div>\n\t\t\t\t\t\t<\/div>\n\t\t\t\t\t\t\t\t<div class=\"elementor-field-type-hidden elementor-field-group elementor-column elementor-field-group-Trattamento elementor-col-100\">\n\t\t\t\t\t\t\t\t\t\t\t\t\t<input size=\"1\" type=\"hidden\" name=\"form_fields[Trattamento]\" id=\"form-field-Trattamento\" class=\"elementor-field elementor-size-md  elementor-field-textual\">\n\t\t\t\t\t\t\t\t\t\t\t<\/div>\n\t\t\t\t\t\t\t\t<div class=\"elementor-field-type-textarea elementor-field-group elementor-column elementor-field-group-message elementor-col-100\">\n\t\t\t\t\t\t\t\t\t\t\t\t<label for=\"form-field-message\" class=\"elementor-field-label elementor-screen-only\">\n\t\t\t\t\t\t\t\tRichieste\t\t\t\t\t\t\t<\/label>\n\t\t\t\t\t\t<textarea class=\"elementor-field-textual elementor-field  elementor-size-md\" name=\"form_fields[message]\" id=\"form-field-message\" rows=\"4\" placeholder=\"Demandes suppl\u00e9mentaires et l&#039;\u00e2ge des enfants\"><\/textarea>\t\t\t\t<\/div>\n\t\t\t\t\t\t\t\t<div class=\"elementor-field-type-hidden elementor-field-group elementor-column elementor-field-group-hidden_field elementor-col-100\">\n\t\t\t\t\t\t\t\t\t\t\t\t\t<input size=\"1\" type=\"hidden\" name=\"form_fields[hidden_field]\" id=\"form-field-hidden_field\" class=\"elementor-field elementor-size-md  elementor-field-textual\">\n\t\t\t\t\t\t\t\t\t\t\t<\/div>\n\t\t\t\t\t\t\t\t<div class=\"elementor-field-type-acceptance elementor-field-group elementor-column elementor-field-group-Privacy_accettazione elementor-col-50 elementor-field-required\">\n\t\t\t\t\t\t\t\t\t\t\t\t<label for=\"form-field-Privacy_accettazione\" class=\"elementor-field-label elementor-screen-only\">\n\t\t\t\t\t\t\t\tPrivacyAccettazione\t\t\t\t\t\t\t<\/label>\n\t\t\t\t\t\t\t\t<div class=\"elementor-field-subgroup\">\n\t\t\t<span class=\"elementor-field-option\">\n\t\t\t\t<input type=\"checkbox\" name=\"form_fields[Privacy_accettazione]\" id=\"form-field-Privacy_accettazione\" class=\"elementor-field elementor-size-md  elementor-acceptance-field\" required=\"required\" aria-required=\"true\">\n\t\t\t\t<label for=\"form-field-Privacy_accettazione\">J'accepte la politique de confidentialit\u00e9 <a href=\"https:\/\/gdpr.myreply.net\/liverpool-hotel-rimini-all-inclusive-rivazzurra\/privacy_policy\/fr\" rel=\"nofollow\" target=\"_blank\"\" >privacy policy<\/a><\/label>\t\t\t<\/span>\n\t\t<\/div>\n\t\t\t\t\t\t<\/div>\n\t\t\t\t\t\t\t\t<div class=\"elementor-field-type-acceptance elementor-field-group elementor-column elementor-field-group-field_60cef45 elementor-col-50\">\n\t\t\t\t\t\t\t\t\t\t\t\t<label for=\"form-field-field_60cef45\" class=\"elementor-field-label elementor-screen-only\">\n\t\t\t\t\t\t\t\tMarketingAccettazione \t\t\t\t\t\t\t<\/label>\n\t\t\t\t\t\t\t\t<div class=\"elementor-field-subgroup\">\n\t\t\t<span class=\"elementor-field-option\">\n\t\t\t\t<input type=\"checkbox\" name=\"form_fields[field_60cef45]\" id=\"form-field-field_60cef45\" class=\"elementor-field elementor-size-md  elementor-acceptance-field\">\n\t\t\t\t<label for=\"form-field-field_60cef45\">J'autorise l'envoi d'offres sp\u00e9ciales<\/label>\t\t\t<\/span>\n\t\t<\/div>\n\t\t\t\t\t\t<\/div>\n\t\t\t\t\t\t\t\t<div class=\"elementor-field-type-hidden elementor-field-group elementor-column elementor-field-group-hiddenField elementor-col-100\">\n\t\t\t\t\t\t\t\t\t\t\t\t\t<input size=\"1\" type=\"hidden\" name=\"form_fields[hiddenField]\" id=\"form-field-hiddenField\" class=\"elementor-field elementor-size-md  elementor-field-textual\">\n\t\t\t\t\t\t\t\t\t\t\t<\/div>\n\t\t\t\t\t\t\t\t<div class=\"elementor-field-type-hidden elementor-field-group elementor-column elementor-field-group-field_d405e8d elementor-col-100\">\n\t\t\t\t\t\t\t\t\t\t\t\t\t<input size=\"1\" type=\"hidden\" name=\"form_fields[field_d405e8d]\" id=\"form-field-field_d405e8d\" class=\"elementor-field elementor-size-md  elementor-field-textual\">\n\t\t\t\t\t\t\t\t\t\t\t<\/div>\n\t\t\t\t\t\t\t\t<div class=\"elementor-field-type-hidden elementor-field-group elementor-column elementor-field-group-linguacorrente elementor-col-100\">\n\t\t\t\t\t\t\t\t\t\t\t\t\t<input size=\"1\" type=\"hidden\" name=\"form_fields[linguacorrente]\" id=\"form-field-linguacorrente\" class=\"elementor-field elementor-size-md  elementor-field-textual\">\n\t\t\t\t\t\t\t\t\t\t\t<\/div>\n\t\t\t\t\t\t\t\t<div class=\"elementor-field-type-hidden elementor-field-group elementor-column elementor-field-group-indirizzoip elementor-col-100\">\n\t\t\t\t\t\t\t\t\t\t\t\t\t<input size=\"1\" type=\"hidden\" name=\"form_fields[indirizzoip]\" id=\"form-field-indirizzoip\" class=\"elementor-field elementor-size-md  elementor-field-textual\">\n\t\t\t\t\t\t\t\t\t\t\t<\/div>\n\t\t\t\t\t\t\t\t<div class=\"elementor-field-group elementor-column elementor-field-type-submit elementor-col-100 e-form__buttons\">\n\t\t\t\t\t<button type=\"submit\" class=\"elementor-button elementor-size-md\">\n\t\t\t\t\t\t<span >\n\t\t\t\t\t\t\t\t\t\t\t\t\t\t\t<span class=\" elementor-button-icon\">\n\t\t\t\t\t\t\t\t\t\t\t\t\t\t\t\t\t\t\t\t\t\t\t\t\t\t<\/span>\n\t\t\t\t\t\t\t\t\t\t\t\t\t\t\t\t\t\t\t\t\t\t<span class=\"elementor-button-text\">Envoyer<\/span>\n\t\t\t\t\t\t\t\t\t\t\t\t\t<\/span>\n\t\t\t\t\t<\/button>\n\t\t\t\t<\/div>\n\t\t\t<\/div>\n\t\t<\/form>\n\t\t\t\t<\/div>\n\t\t\t\t<\/div>\n\t\t\t\t\t<\/div>\n\t\t<\/div>\n\t\t\t\t\t\t\t<\/div>\n\t\t<\/section>\n\t\t\t\t<section data-particle_enable=\"false\" data-particle-mobile-disabled=\"false\" class=\"elementor-section elementor-top-section elementor-element elementor-element-cc457ec elementor-section-full_width elementor-section-height-default elementor-section-height-default\" data-id=\"cc457ec\" data-element_type=\"section\">\n\t\t\t\t\t\t<div class=\"elementor-container elementor-column-gap-no\">\n\t\t\t\t\t<div class=\"elementor-column elementor-col-100 elementor-top-column elementor-element elementor-element-34d3fbf\" data-id=\"34d3fbf\" data-element_type=\"column\">\n\t\t\t<div class=\"elementor-widget-wrap elementor-element-populated\">\n\t\t\t\t\t\t\t\t<div class=\"elementor-element elementor-element-c2c41a7 elementor-widget elementor-widget-google_maps\" data-id=\"c2c41a7\" data-element_type=\"widget\" data-widget_type=\"google_maps.default\">\n\t\t\t\t<div class=\"elementor-widget-container\">\n\t\t\t\t\t<div class=\"elementor-custom-embed\">\n\t\t\t<iframe loading=\"lazy\"\n\t\t\t\t\tsrc=\"https:\/\/maps.google.com\/maps?q=Liverpool%20Hotel%20Rimini&#038;t=m&#038;z=14&#038;output=embed&#038;iwloc=near\"\n\t\t\t\t\ttitle=\"Liverpool Hotel Rimini\"\n\t\t\t\t\taria-label=\"Liverpool Hotel Rimini\"\n\t\t\t><\/iframe>\n\t\t<\/div>\n\t\t\t\t<\/div>\n\t\t\t\t<\/div>\n\t\t\t\t<div class=\"elementor-element elementor-element-127485c elementor-align-center elementor-widget__width-auto elementor-absolute elementor-hidden-phone elementor-icon-list--layout-traditional elementor-list-item-link-full_width elementor-widget elementor-widget-icon-list\" data-id=\"127485c\" data-element_type=\"widget\" data-settings=\"{&quot;_position&quot;:&quot;absolute&quot;}\" data-widget_type=\"icon-list.default\">\n\t\t\t\t<div class=\"elementor-widget-container\">\n\t\t\t\t\t<ul class=\"elementor-icon-list-items\">\n\t\t\t\t\t\t\t<li class=\"elementor-icon-list-item\">\n\t\t\t\t\t\t\t\t\t\t\t<a href=\"tel:+39%20390541-370999\">\n\n\t\t\t\t\t\t\t\t\t\t\t\t<span class=\"elementor-icon-list-icon\">\n\t\t\t\t\t\t\t<i aria-hidden=\"true\" class=\"fas fa-phone-alt\"><\/i>\t\t\t\t\t\t<\/span>\n\t\t\t\t\t\t\t\t\t\t<span class=\"elementor-icon-list-text\">+39 390541-370999<\/span>\n\t\t\t\t\t\t\t\t\t\t\t<\/a>\n\t\t\t\t\t\t\t\t\t<\/li>\n\t\t\t\t\t\t\t\t<li class=\"elementor-icon-list-item\">\n\t\t\t\t\t\t\t\t\t\t\t<a href=\"tel:+39380-4654675\">\n\n\t\t\t\t\t\t\t\t\t\t\t\t<span class=\"elementor-icon-list-icon\">\n\t\t\t\t\t\t\t<i aria-hidden=\"true\" class=\"fas fa-mobile-alt\"><\/i>\t\t\t\t\t\t<\/span>\n\t\t\t\t\t\t\t\t\t\t<span class=\"elementor-icon-list-text\">+39380-4654675<\/span>\n\t\t\t\t\t\t\t\t\t\t\t<\/a>\n\t\t\t\t\t\t\t\t\t<\/li>\n\t\t\t\t\t\t\t\t<li class=\"elementor-icon-list-item\">\n\t\t\t\t\t\t\t\t\t\t\t<a href=\"mailto:info@hotelliverpool.it\">\n\n\t\t\t\t\t\t\t\t\t\t\t\t<span class=\"elementor-icon-list-icon\">\n\t\t\t\t\t\t\t<i aria-hidden=\"true\" class=\"far fa-envelope\"><\/i>\t\t\t\t\t\t<\/span>\n\t\t\t\t\t\t\t\t\t\t<span class=\"elementor-icon-list-text\">info@hotelliverpool.it<\/span>\n\t\t\t\t\t\t\t\t\t\t\t<\/a>\n\t\t\t\t\t\t\t\t\t<\/li>\n\t\t\t\t\t\t\t\t<li class=\"elementor-icon-list-item\">\n\t\t\t\t\t\t\t\t\t\t\t<a href=\"https:\/\/www.google.it\/maps?daddr=Viale+Bergamo+8,+47924+Rivazzurra+di+Rimini+(RN)\" target=\"_blank\" rel=\"nofollow\">\n\n\t\t\t\t\t\t\t\t\t\t\t\t<span class=\"elementor-icon-list-icon\">\n\t\t\t\t\t\t\t<i aria-hidden=\"true\" class=\"fas fa-map-pin\"><\/i>\t\t\t\t\t\t<\/span>\n\t\t\t\t\t\t\t\t\t\t<span class=\"elementor-icon-list-text\">Rivazzurra,Viale Bergamo, 8<\/span>\n\t\t\t\t\t\t\t\t\t\t\t<\/a>\n\t\t\t\t\t\t\t\t\t<\/li>\n\t\t\t\t\t\t<\/ul>\n\t\t\t\t<\/div>\n\t\t\t\t<\/div>\n\t\t\t\t\t<\/div>\n\t\t<\/div>\n\t\t\t\t\t\t\t<\/div>\n\t\t<\/section>\n\t\t\t\t\t\t\t<\/div>\n\t\t","protected":false},"excerpt":{"rendered":"<p>Demande de devis +39 390541-370999 +39380-4654675 info@hotelliverpool.it Rivazzurra,Viale Bergamo, 8<\/p>\n","protected":false},"author":1,"featured_media":0,"parent":0,"menu_order":0,"comment_status":"closed","ping_status":"closed","template":"elementor_header_footer","meta":{"footnotes":""},"class_list":["post-10269","page","type-page","status-publish","hentry"],"yoast_head":"<!-- This site is optimized with the Yoast SEO plugin v21.8 - https:\/\/yoast.com\/wordpress\/plugins\/seo\/ -->\n<title>H\u00f4tel Rimini 3 \u00e9toiles pr\u00e8s de la mer - H\u00f4tel 3 \u00e9toiles Rivazzurra<\/title>\n<meta name=\"description\" content=\"Liverpool Hotel Rimini est un hotel rimini 3 \u00e9toiles pr\u00e8s de la mer, situ\u00e9 \u00e0 10 mn en voiture du centre du Rimini. Chambres climatisees, equipees Wifi (gratuit).\" \/>\n<meta name=\"robots\" content=\"index, follow, max-snippet:-1, max-image-preview:large, max-video-preview:-1\" \/>\n<link rel=\"canonical\" href=\"https:\/\/hotel-liverpool.com\/fr\/demande-de-devis\/\" \/>\n<meta property=\"og:locale\" content=\"fr_FR\" \/>\n<meta property=\"og:type\" content=\"article\" \/>\n<meta property=\"og:title\" content=\"H\u00f4tel Rimini 3 \u00e9toiles pr\u00e8s de la mer - H\u00f4tel 3 \u00e9toiles Rivazzurra\" \/>\n<meta property=\"og:description\" content=\"Liverpool Hotel Rimini est un hotel rimini 3 \u00e9toiles pr\u00e8s de la mer, situ\u00e9 \u00e0 10 mn en voiture du centre du Rimini. Chambres climatisees, equipees Wifi (gratuit).\" \/>\n<meta property=\"og:url\" content=\"https:\/\/hotel-liverpool.com\/fr\/demande-de-devis\/\" \/>\n<meta property=\"og:site_name\" content=\"Hotel Liverpool\" \/>\n<meta property=\"article:modified_time\" content=\"2024-11-15T15:59:53+00:00\" \/>\n<meta name=\"twitter:card\" content=\"summary_large_image\" \/>\n<meta name=\"twitter:label1\" content=\"Dur\u00e9e de lecture estim\u00e9e\" \/>\n\t<meta name=\"twitter:data1\" content=\"1 minute\" \/>\n<script type=\"application\/ld+json\" class=\"yoast-schema-graph\">{\"@context\":\"https:\/\/schema.org\",\"@graph\":[{\"@type\":\"WebPage\",\"@id\":\"https:\/\/hotel-liverpool.com\/fr\/demande-de-devis\/\",\"url\":\"https:\/\/hotel-liverpool.com\/fr\/demande-de-devis\/\",\"name\":\"H\u00f4tel Rimini 3 \u00e9toiles pr\u00e8s de la mer - H\u00f4tel 3 \u00e9toiles Rivazzurra\",\"isPartOf\":{\"@id\":\"https:\/\/hotel-liverpool.com\/fr\/#website\"},\"datePublished\":\"2022-01-03T11:03:55+00:00\",\"dateModified\":\"2024-11-15T15:59:53+00:00\",\"description\":\"Liverpool Hotel Rimini est un hotel rimini 3 \u00e9toiles pr\u00e8s de la mer, situ\u00e9 \u00e0 10 mn en voiture du centre du Rimini. Chambres climatisees, equipees Wifi (gratuit).\",\"breadcrumb\":{\"@id\":\"https:\/\/hotel-liverpool.com\/fr\/demande-de-devis\/#breadcrumb\"},\"inLanguage\":\"fr-FR\",\"potentialAction\":[{\"@type\":\"ReadAction\",\"target\":[\"https:\/\/hotel-liverpool.com\/fr\/demande-de-devis\/\"]}]},{\"@type\":\"BreadcrumbList\",\"@id\":\"https:\/\/hotel-liverpool.com\/fr\/demande-de-devis\/#breadcrumb\",\"itemListElement\":[{\"@type\":\"ListItem\",\"position\":1,\"name\":\"Home\",\"item\":\"https:\/\/hotel-liverpool.com\/fr\/\"},{\"@type\":\"ListItem\",\"position\":2,\"name\":\"Demande de devis\"}]},{\"@type\":\"WebSite\",\"@id\":\"https:\/\/hotel-liverpool.com\/fr\/#website\",\"url\":\"https:\/\/hotel-liverpool.com\/fr\/\",\"name\":\"Hotel Liverpool\",\"description\":\"Hotel All Inclusive Rimini\",\"potentialAction\":[{\"@type\":\"SearchAction\",\"target\":{\"@type\":\"EntryPoint\",\"urlTemplate\":\"https:\/\/hotel-liverpool.com\/fr\/?s={search_term_string}\"},\"query-input\":\"required name=search_term_string\"}],\"inLanguage\":\"fr-FR\"}]}<\/script>\n<!-- \/ Yoast SEO plugin. -->","yoast_head_json":{"title":"H\u00f4tel Rimini 3 \u00e9toiles pr\u00e8s de la mer - H\u00f4tel 3 \u00e9toiles Rivazzurra","description":"Liverpool Hotel Rimini est un hotel rimini 3 \u00e9toiles pr\u00e8s de la mer, situ\u00e9 \u00e0 10 mn en voiture du centre du Rimini. Chambres climatisees, equipees Wifi (gratuit).","robots":{"index":"index","follow":"follow","max-snippet":"max-snippet:-1","max-image-preview":"max-image-preview:large","max-video-preview":"max-video-preview:-1"},"canonical":"https:\/\/hotel-liverpool.com\/fr\/demande-de-devis\/","og_locale":"fr_FR","og_type":"article","og_title":"H\u00f4tel Rimini 3 \u00e9toiles pr\u00e8s de la mer - H\u00f4tel 3 \u00e9toiles Rivazzurra","og_description":"Liverpool Hotel Rimini est un hotel rimini 3 \u00e9toiles pr\u00e8s de la mer, situ\u00e9 \u00e0 10 mn en voiture du centre du Rimini. Chambres climatisees, equipees Wifi (gratuit).","og_url":"https:\/\/hotel-liverpool.com\/fr\/demande-de-devis\/","og_site_name":"Hotel Liverpool","article_modified_time":"2024-11-15T15:59:53+00:00","twitter_card":"summary_large_image","twitter_misc":{"Dur\u00e9e de lecture estim\u00e9e":"1 minute"},"schema":{"@context":"https:\/\/schema.org","@graph":[{"@type":"WebPage","@id":"https:\/\/hotel-liverpool.com\/fr\/demande-de-devis\/","url":"https:\/\/hotel-liverpool.com\/fr\/demande-de-devis\/","name":"H\u00f4tel Rimini 3 \u00e9toiles pr\u00e8s de la mer - H\u00f4tel 3 \u00e9toiles Rivazzurra","isPartOf":{"@id":"https:\/\/hotel-liverpool.com\/fr\/#website"},"datePublished":"2022-01-03T11:03:55+00:00","dateModified":"2024-11-15T15:59:53+00:00","description":"Liverpool Hotel Rimini est un hotel rimini 3 \u00e9toiles pr\u00e8s de la mer, situ\u00e9 \u00e0 10 mn en voiture du centre du Rimini. Chambres climatisees, equipees Wifi (gratuit).","breadcrumb":{"@id":"https:\/\/hotel-liverpool.com\/fr\/demande-de-devis\/#breadcrumb"},"inLanguage":"fr-FR","potentialAction":[{"@type":"ReadAction","target":["https:\/\/hotel-liverpool.com\/fr\/demande-de-devis\/"]}]},{"@type":"BreadcrumbList","@id":"https:\/\/hotel-liverpool.com\/fr\/demande-de-devis\/#breadcrumb","itemListElement":[{"@type":"ListItem","position":1,"name":"Home","item":"https:\/\/hotel-liverpool.com\/fr\/"},{"@type":"ListItem","position":2,"name":"Demande de devis"}]},{"@type":"WebSite","@id":"https:\/\/hotel-liverpool.com\/fr\/#website","url":"https:\/\/hotel-liverpool.com\/fr\/","name":"Hotel Liverpool","description":"Hotel All Inclusive Rimini","potentialAction":[{"@type":"SearchAction","target":{"@type":"EntryPoint","urlTemplate":"https:\/\/hotel-liverpool.com\/fr\/?s={search_term_string}"},"query-input":"required name=search_term_string"}],"inLanguage":"fr-FR"}]}},"_links":{"self":[{"href":"https:\/\/hotel-liverpool.com\/fr\/wp-json\/wp\/v2\/pages\/10269","targetHints":{"allow":["GET"]}}],"collection":[{"href":"https:\/\/hotel-liverpool.com\/fr\/wp-json\/wp\/v2\/pages"}],"about":[{"href":"https:\/\/hotel-liverpool.com\/fr\/wp-json\/wp\/v2\/types\/page"}],"author":[{"embeddable":true,"href":"https:\/\/hotel-liverpool.com\/fr\/wp-json\/wp\/v2\/users\/1"}],"replies":[{"embeddable":true,"href":"https:\/\/hotel-liverpool.com\/fr\/wp-json\/wp\/v2\/comments?post=10269"}],"version-history":[{"count":54,"href":"https:\/\/hotel-liverpool.com\/fr\/wp-json\/wp\/v2\/pages\/10269\/revisions"}],"predecessor-version":[{"id":15690,"href":"https:\/\/hotel-liverpool.com\/fr\/wp-json\/wp\/v2\/pages\/10269\/revisions\/15690"}],"wp:attachment":[{"href":"https:\/\/hotel-liverpool.com\/fr\/wp-json\/wp\/v2\/media?parent=10269"}],"curies":[{"name":"wp","href":"https:\/\/api.w.org\/{rel}","templated":true}]}}