{"id":5253,"date":"2021-09-30T07:36:55","date_gmt":"2021-09-30T07:36:55","guid":{"rendered":"https:\/\/hotel-liverpool.com\/vacanze-enogastronomiche-degustazioni-cantina-vino-rimini\/"},"modified":"2024-10-14T16:08:23","modified_gmt":"2024-10-14T16:08:23","slug":"rimini-urlaub-am-meer-verkostung-im-weinkeller","status":"publish","type":"page","link":"https:\/\/hotel-liverpool.com\/de\/rimini-urlaub-am-meer-verkostung-im-weinkeller\/","title":{"rendered":"Verkostung im Weinkeller"},"content":{"rendered":"\t\t<div data-elementor-type=\"wp-page\" data-elementor-id=\"5253\" class=\"elementor elementor-5253 elementor-476\" data-elementor-post-type=\"page\">\n\t\t\t\t\t\t\t\t\t<section data-particle_enable=\"false\" data-particle-mobile-disabled=\"false\" class=\"elementor-section elementor-top-section elementor-element elementor-element-4550d26 elementor-section-stretched elementor-section-height-min-height elementor-section-full_width elementor-section-height-default elementor-section-items-middle\" data-id=\"4550d26\" data-element_type=\"section\" data-settings=\"{&quot;stretch_section&quot;:&quot;section-stretched&quot;,&quot;background_background&quot;:&quot;video&quot;,&quot;background_video_link&quot;:&quot;https:\\\/\\\/youtu.be\\\/mngahT7BDX0?list=PLy_IP0Z_MZQzZ9awDuNd4dJpbZ_fQGGdN&quot;,&quot;background_play_on_mobile&quot;:&quot;yes&quot;}\">\n\t\t\t\t\t\t\t\t<div class=\"elementor-background-video-container\">\n\t\t\t\t\t\t\t\t\t\t\t\t\t<div class=\"elementor-background-video-embed\"><\/div>\n\t\t\t\t\t\t\t\t\t\t\t\t<\/div>\n\t\t\t\t\t\t\t\t\t<div class=\"elementor-background-overlay\"><\/div>\n\t\t\t\t\t\t\t<div class=\"elementor-container elementor-column-gap-default\">\n\t\t\t\t\t<div class=\"elementor-column elementor-col-100 elementor-top-column elementor-element elementor-element-1721a03\" data-id=\"1721a03\" data-element_type=\"column\">\n\t\t\t<div class=\"elementor-widget-wrap elementor-element-populated\">\n\t\t\t\t\t\t\t\t<section data-particle_enable=\"false\" data-particle-mobile-disabled=\"false\" class=\"elementor-section elementor-inner-section elementor-element elementor-element-b43991c elementor-section-boxed elementor-section-height-default elementor-section-height-default\" data-id=\"b43991c\" data-element_type=\"section\">\n\t\t\t\t\t\t<div class=\"elementor-container elementor-column-gap-wide\">\n\t\t\t\t\t<div class=\"elementor-column elementor-col-100 elementor-inner-column elementor-element elementor-element-a95fb01\" data-id=\"a95fb01\" data-element_type=\"column\">\n\t\t\t<div class=\"elementor-widget-wrap\">\n\t\t\t\t\t\t\t\t\t<\/div>\n\t\t<\/div>\n\t\t\t\t\t\t\t<\/div>\n\t\t<\/section>\n\t\t\t\t<div class=\"elementor-element elementor-element-e4ff13f elementor-absolute elementor-invisible elementor-widget elementor-widget-heading\" data-id=\"e4ff13f\" data-element_type=\"widget\" data-settings=\"{&quot;_animation&quot;:&quot;fadeInDown&quot;,&quot;_position&quot;:&quot;absolute&quot;}\" data-widget_type=\"heading.default\">\n\t\t\t\t<div class=\"elementor-widget-container\">\n\t\t\t<h2 class=\"elementor-heading-title elementor-size-default\">Verkostung im Weinkeller in Rimini <\/h2>\t\t<\/div>\n\t\t\t\t<\/div>\n\t\t\t\t\t<\/div>\n\t\t<\/div>\n\t\t\t\t\t\t\t<\/div>\n\t\t<\/section>\n\t\t\t\t<section data-particle_enable=\"false\" data-particle-mobile-disabled=\"false\" class=\"elementor-section elementor-top-section elementor-element elementor-element-36793a4 elementor-section-content-middle elementor-section-boxed elementor-section-height-default elementor-section-height-default\" data-id=\"36793a4\" data-element_type=\"section\">\n\t\t\t\t\t\t<div class=\"elementor-container elementor-column-gap-default\">\n\t\t\t\t\t<div class=\"elementor-column elementor-col-50 elementor-top-column elementor-element elementor-element-38584e7\" data-id=\"38584e7\" data-element_type=\"column\">\n\t\t\t<div class=\"elementor-widget-wrap elementor-element-populated\">\n\t\t\t\t\t\t\t\t<div class=\"elementor-element elementor-element-f493e53 elementor-pagination-position-inside elementor-widget elementor-widget-image-carousel\" data-id=\"f493e53\" data-element_type=\"widget\" data-settings=\"{&quot;slides_to_show&quot;:&quot;1&quot;,&quot;navigation&quot;:&quot;dots&quot;,&quot;effect&quot;:&quot;fade&quot;,&quot;autoplay&quot;:&quot;yes&quot;,&quot;pause_on_hover&quot;:&quot;yes&quot;,&quot;pause_on_interaction&quot;:&quot;yes&quot;,&quot;autoplay_speed&quot;:5000,&quot;infinite&quot;:&quot;yes&quot;,&quot;speed&quot;:500}\" data-widget_type=\"image-carousel.default\">\n\t\t\t\t<div class=\"elementor-widget-container\">\n\t\t\t\t\t<div class=\"elementor-image-carousel-wrapper swiper-container\" dir=\"ltr\">\n\t\t\t<div class=\"elementor-image-carousel swiper-wrapper\" aria-live=\"off\">\n\t\t\t\t\t\t\t\t<div class=\"swiper-slide\" role=\"group\" aria-roledescription=\"slide\" aria-label=\"1 von 4\"><figure class=\"swiper-slide-inner\"><img decoding=\"async\" class=\"swiper-slide-image\" src=\"https:\/\/hotel-liverpool.com\/wp-content\/uploads\/2021\/10\/unnamed-2.jpg\" alt=\"unnamed\" \/><\/figure><\/div><div class=\"swiper-slide\" role=\"group\" aria-roledescription=\"slide\" aria-label=\"2 von 4\"><figure class=\"swiper-slide-inner\"><img decoding=\"async\" class=\"swiper-slide-image\" src=\"https:\/\/hotel-liverpool.com\/wp-content\/uploads\/2021\/10\/emlr-gallery9-gal.jpg\" alt=\"emlr-gallery9-gal\" \/><\/figure><\/div><div class=\"swiper-slide\" role=\"group\" aria-roledescription=\"slide\" aria-label=\"3 von 4\"><figure class=\"swiper-slide-inner\"><img decoding=\"async\" class=\"swiper-slide-image\" src=\"https:\/\/hotel-liverpool.com\/wp-content\/uploads\/2021\/10\/unnamed-1.jpg\" alt=\"unnamed (1)\" \/><\/figure><\/div><div class=\"swiper-slide\" role=\"group\" aria-roledescription=\"slide\" aria-label=\"4 von 4\"><figure class=\"swiper-slide-inner\"><img decoding=\"async\" class=\"swiper-slide-image\" src=\"https:\/\/hotel-liverpool.com\/wp-content\/uploads\/2021\/10\/cantina-2.jpg\" alt=\"cantina-2\" \/><\/figure><\/div>\t\t\t<\/div>\n\t\t\t\t\t\t\t\n\t\t\t\t\t\t\t\t\t<div class=\"swiper-pagination\"><\/div>\n\t\t\t\t\t\t\t\t\t<\/div>\n\t\t\t\t<\/div>\n\t\t\t\t<\/div>\n\t\t\t\t\t<\/div>\n\t\t<\/div>\n\t\t\t\t<div class=\"elementor-column elementor-col-50 elementor-top-column elementor-element elementor-element-2749626\" data-id=\"2749626\" data-element_type=\"column\">\n\t\t\t<div class=\"elementor-widget-wrap elementor-element-populated\">\n\t\t\t\t\t\t\t\t<div class=\"elementor-element elementor-element-547bfeb elementor-widget elementor-widget-heading\" data-id=\"547bfeb\" data-element_type=\"widget\" data-widget_type=\"heading.default\">\n\t\t\t\t<div class=\"elementor-widget-container\">\n\t\t\t<h5 class=\"elementor-heading-title elementor-size-default\">Degustation regionaler Spitzenweine<\/h5>\t\t<\/div>\n\t\t\t\t<\/div>\n\t\t\t\t<div class=\"elementor-element elementor-element-130ef0c elementor-widget elementor-widget-heading\" data-id=\"130ef0c\" data-element_type=\"widget\" data-widget_type=\"heading.default\">\n\t\t\t\t<div class=\"elementor-widget-container\">\n\t\t\t<h1 class=\"elementor-heading-title elementor-size-xxl\">Degustation direkt im Weingut<\/h1>\t\t<\/div>\n\t\t\t\t<\/div>\n\t\t\t\t<div class=\"elementor-element elementor-element-883942d elementor-widget elementor-widget-heading\" data-id=\"883942d\" data-element_type=\"widget\" data-widget_type=\"heading.default\">\n\t\t\t\t<div class=\"elementor-widget-container\">\n\t\t\t<p class=\"elementor-heading-title elementor-size-default\">des hier produzierten Weins, der von unseren Vorfahren, den Etruskern, seit mehreren Jahrhunderten mit Freude, Leidenschaft und Beharrlichkeit hergestellt, verehrt und konsumiert wird. <br> <br>\n\nWein ist die einzige Kunst, die man trinken kann! Unsere modernen Winzer greifen auf generationsreiche Erfahrung\/ Wissen und aber auch moderne Erungenschaften zur\u00fcck.<br> <br>  So findet Ihr auf den G\u00fctern f\u00fcr die Reifung im Holz eine Reihe riesige, perfekt erhaltene Eichenf\u00e4sser, in denen Tausende von Hektoliter Sangiovese ruhen, und andere Reihen mit Dutzenden von Tonneaux und Barriquef\u00e4ssern aus franz\u00f6sischem Qualit\u00e4tsholz.<br> <br> \nEs entsteht ein Wein der sich International sehen lassen kann und nur allzu gerne als \"Urlaubsschatz\" mit nach Hause genommen wird.<\/p>\t\t<\/div>\n\t\t\t\t<\/div>\n\t\t\t\t<div class=\"elementor-element elementor-element-30a8b09 elementor-widget elementor-widget-spacer\" data-id=\"30a8b09\" data-element_type=\"widget\" data-widget_type=\"spacer.default\">\n\t\t\t\t<div class=\"elementor-widget-container\">\n\t\t\t\t\t<div class=\"elementor-spacer\">\n\t\t\t<div class=\"elementor-spacer-inner\"><\/div>\n\t\t<\/div>\n\t\t\t\t<\/div>\n\t\t\t\t<\/div>\n\t\t\t\t\t<\/div>\n\t\t<\/div>\n\t\t\t\t\t\t\t<\/div>\n\t\t<\/section>\n\t\t\t\t<section data-particle_enable=\"false\" data-particle-mobile-disabled=\"false\" class=\"elementor-section elementor-top-section elementor-element elementor-element-3836c5b elementor-section-content-middle elementor-section-boxed elementor-section-height-default elementor-section-height-default\" data-id=\"3836c5b\" data-element_type=\"section\">\n\t\t\t\t\t\t<div class=\"elementor-container elementor-column-gap-default\">\n\t\t\t\t\t<div class=\"elementor-column elementor-col-50 elementor-top-column elementor-element elementor-element-d2f99fa\" data-id=\"d2f99fa\" data-element_type=\"column\">\n\t\t\t<div class=\"elementor-widget-wrap elementor-element-populated\">\n\t\t\t\t\t\t\t\t<div class=\"elementor-element elementor-element-e7a9821 elementor-widget elementor-widget-heading\" data-id=\"e7a9821\" data-element_type=\"widget\" data-widget_type=\"heading.default\">\n\t\t\t\t<div class=\"elementor-widget-container\">\n\t\t\t<h5 class=\"elementor-heading-title elementor-size-default\">Entdeckt bei dieser Experience, wie ausgezeichnete romagnolische Weine  entstehen, indem Sie die Erfahrung einer unserer Verkostungen auf dem Weingut erleben.<\/h5>\t\t<\/div>\n\t\t\t\t<\/div>\n\t\t\t\t<div class=\"elementor-element elementor-element-669fc6a elementor-widget elementor-widget-heading\" data-id=\"669fc6a\" data-element_type=\"widget\" data-widget_type=\"heading.default\">\n\t\t\t\t<div class=\"elementor-widget-container\">\n\t\t\t<h1 class=\"elementor-heading-title elementor-size-xxl\">Enogastronomische Tour<\/h1>\t\t<\/div>\n\t\t\t\t<\/div>\n\t\t\t\t<div class=\"elementor-element elementor-element-7bb7688 elementor-widget elementor-widget-heading\" data-id=\"7bb7688\" data-element_type=\"widget\" data-widget_type=\"heading.default\">\n\t\t\t\t<div class=\"elementor-widget-container\">\n\t\t\t<p class=\"elementor-heading-title elementor-size-default\">Eine einzigartige Gelegenheit die fl\u00fcssigen Perlen des riminesichen Hinterlandes zu entdecken: <br> Unnverwechselbare Aromen der Spezialit\u00e4ten der Romagna direkt auf den sehenswerten Weing\u00fctern Riminis verkosten. <br> <br>\nVerkostungen am Weingut werden von Montag bis Freitag von 10 bis 12 und von 16 bis 18 <br> organisiert (W\u00e4hlt Eure bevorzugte Zeit).<br> <br>\nDie Tour (Dauer ca. 2 Stunden) beinhaltet:\n- Besuch, Spaziergang zwischen den Weinbergen\n- Besichtigung des Weinkellers\n- Verkostung von Wein und typisch lokaler Produkten ( wie z.B. Oliven\u00f6l und K\u00e4se)\n\nIhr braucht noch Urlaubsmitbringsel f\u00fcr die Daheimgebliebenen? Perfekt!<br> <br>  Noch nie war es sch\u00f6ner und erfreulicher Urlaubsandenken f\u00fcr zu Hause ein zu kaufen!\n<br> <br> \nUnd ohnehin... das Leben ist zu kurz, um schlechten Wein zu trinken!<\/p>\t\t<\/div>\n\t\t\t\t<\/div>\n\t\t\t\t<div class=\"elementor-element elementor-element-f969792 elementor-widget elementor-widget-spacer\" data-id=\"f969792\" data-element_type=\"widget\" data-widget_type=\"spacer.default\">\n\t\t\t\t<div class=\"elementor-widget-container\">\n\t\t\t\t\t<div class=\"elementor-spacer\">\n\t\t\t<div class=\"elementor-spacer-inner\"><\/div>\n\t\t<\/div>\n\t\t\t\t<\/div>\n\t\t\t\t<\/div>\n\t\t\t\t\t<\/div>\n\t\t<\/div>\n\t\t\t\t<div class=\"elementor-column elementor-col-50 elementor-top-column elementor-element elementor-element-76f759e\" data-id=\"76f759e\" data-element_type=\"column\">\n\t\t\t<div class=\"elementor-widget-wrap elementor-element-populated\">\n\t\t\t\t\t\t\t\t<div class=\"elementor-element elementor-element-8e7fc18 elementor-pagination-position-inside elementor-widget elementor-widget-image-carousel\" data-id=\"8e7fc18\" data-element_type=\"widget\" data-settings=\"{&quot;slides_to_show&quot;:&quot;1&quot;,&quot;navigation&quot;:&quot;dots&quot;,&quot;effect&quot;:&quot;fade&quot;,&quot;autoplay&quot;:&quot;yes&quot;,&quot;pause_on_hover&quot;:&quot;yes&quot;,&quot;pause_on_interaction&quot;:&quot;yes&quot;,&quot;autoplay_speed&quot;:5000,&quot;infinite&quot;:&quot;yes&quot;,&quot;speed&quot;:500}\" data-widget_type=\"image-carousel.default\">\n\t\t\t\t<div class=\"elementor-widget-container\">\n\t\t\t\t\t<div class=\"elementor-image-carousel-wrapper swiper-container\" dir=\"ltr\">\n\t\t\t<div class=\"elementor-image-carousel swiper-wrapper\" aria-live=\"off\">\n\t\t\t\t\t\t\t\t<div class=\"swiper-slide\" role=\"group\" aria-roledescription=\"slide\" aria-label=\"1 von 5\"><figure class=\"swiper-slide-inner\"><img decoding=\"async\" class=\"swiper-slide-image\" src=\"https:\/\/hotel-liverpool.com\/wp-content\/uploads\/2021\/10\/download-1.jpg\" alt=\"download\" \/><\/figure><\/div><div class=\"swiper-slide\" role=\"group\" aria-roledescription=\"slide\" aria-label=\"2 von 5\"><figure class=\"swiper-slide-inner\"><img decoding=\"async\" class=\"swiper-slide-image\" src=\"https:\/\/hotel-liverpool.com\/wp-content\/uploads\/2021\/10\/degustazione-cantina-rimini-vino.jpg\" alt=\"degustazione-cantina-rimini-vino\" \/><\/figure><\/div><div class=\"swiper-slide\" role=\"group\" aria-roledescription=\"slide\" aria-label=\"3 von 5\"><figure class=\"swiper-slide-inner\"><img decoding=\"async\" class=\"swiper-slide-image\" src=\"https:\/\/hotel-liverpool.com\/wp-content\/uploads\/2021\/10\/degustazione-cantina-rimini.jpg\" alt=\"degustazione-cantina-rimini\" \/><\/figure><\/div><div class=\"swiper-slide\" role=\"group\" aria-roledescription=\"slide\" aria-label=\"4 von 5\"><figure class=\"swiper-slide-inner\"><img decoding=\"async\" class=\"swiper-slide-image\" src=\"https:\/\/hotel-liverpool.com\/wp-content\/uploads\/2021\/10\/ef85e1f0-ace0-4c67-ad50-5a34fef2039f.jpg\" alt=\"ef85e1f0-ace0-4c67-ad50-5a34fef2039f\" \/><\/figure><\/div><div class=\"swiper-slide\" role=\"group\" aria-roledescription=\"slide\" aria-label=\"5 von 5\"><figure class=\"swiper-slide-inner\"><img decoding=\"async\" class=\"swiper-slide-image\" src=\"https:\/\/hotel-liverpool.com\/wp-content\/uploads\/2021\/10\/Untitled-1.png\" alt=\"Untitled-1\" \/><\/figure><\/div>\t\t\t<\/div>\n\t\t\t\t\t\t\t\n\t\t\t\t\t\t\t\t\t<div class=\"swiper-pagination\"><\/div>\n\t\t\t\t\t\t\t\t\t<\/div>\n\t\t\t\t<\/div>\n\t\t\t\t<\/div>\n\t\t\t\t\t<\/div>\n\t\t<\/div>\n\t\t\t\t\t\t\t<\/div>\n\t\t<\/section>\n\t\t\t\t<section data-particle_enable=\"false\" data-particle-mobile-disabled=\"false\" class=\"elementor-section elementor-top-section elementor-element elementor-element-5ae665b elementor-section-boxed elementor-section-height-default elementor-section-height-default\" data-id=\"5ae665b\" data-element_type=\"section\" data-settings=\"{&quot;background_background&quot;:&quot;classic&quot;}\">\n\t\t\t\t\t\t<div class=\"elementor-container elementor-column-gap-default\">\n\t\t\t\t\t<div class=\"elementor-column elementor-col-100 elementor-top-column elementor-element elementor-element-15d1b0a\" data-id=\"15d1b0a\" data-element_type=\"column\">\n\t\t\t<div class=\"elementor-widget-wrap elementor-element-populated\">\n\t\t\t\t\t\t\t\t<section data-particle_enable=\"false\" data-particle-mobile-disabled=\"false\" class=\"elementor-section elementor-inner-section elementor-element elementor-element-0eb8568 elementor-section-full_width elementor-section-height-default elementor-section-height-default\" data-id=\"0eb8568\" data-element_type=\"section\">\n\t\t\t\t\t\t<div class=\"elementor-container elementor-column-gap-default\">\n\t\t\t\t\t<div class=\"elementor-column elementor-col-100 elementor-inner-column elementor-element elementor-element-3e4eb56\" data-id=\"3e4eb56\" data-element_type=\"column\">\n\t\t\t<div class=\"elementor-widget-wrap\">\n\t\t\t\t\t\t\t\t\t<\/div>\n\t\t<\/div>\n\t\t\t\t\t\t\t<\/div>\n\t\t<\/section>\n\t\t\t\t<section data-particle_enable=\"false\" data-particle-mobile-disabled=\"false\" class=\"elementor-section elementor-inner-section elementor-element elementor-element-e376423 elementor-section-boxed elementor-section-height-default elementor-section-height-default\" data-id=\"e376423\" data-element_type=\"section\">\n\t\t\t\t\t\t<div class=\"elementor-container elementor-column-gap-default\">\n\t\t\t\t\t<div class=\"elementor-column elementor-col-100 elementor-inner-column elementor-element elementor-element-71e27f4\" data-id=\"71e27f4\" data-element_type=\"column\">\n\t\t\t<div class=\"elementor-widget-wrap elementor-element-populated\">\n\t\t\t\t\t\t\t\t<div class=\"elementor-element elementor-element-15fb5f0 elementor-align-center elementor-mobile-align-justify elementor-widget elementor-widget-button\" data-id=\"15fb5f0\" data-element_type=\"widget\" data-widget_type=\"button.default\">\n\t\t\t\t<div class=\"elementor-widget-container\">\n\t\t\t\t\t<div class=\"elementor-button-wrapper\">\n\t\t\t<a class=\"elementor-button elementor-button-link elementor-size-sm\" href=\"#preventivo\">\n\t\t\t\t\t\t<span class=\"elementor-button-content-wrapper\">\n\t\t\t\t\t\t<span class=\"elementor-button-icon elementor-align-icon-left\">\n\t\t\t\t<i aria-hidden=\"true\" class=\"far fa-calendar-alt\"><\/i>\t\t\t<\/span>\n\t\t\t\t\t\t<span class=\"elementor-button-text\">Bucht Euer unvergessliches Erlebnis - Euren Urlaub<\/span>\n\t\t<\/span>\n\t\t\t\t\t<\/a>\n\t\t<\/div>\n\t\t\t\t<\/div>\n\t\t\t\t<\/div>\n\t\t\t\t\t<\/div>\n\t\t<\/div>\n\t\t\t\t\t\t\t<\/div>\n\t\t<\/section>\n\t\t\t\t\t<\/div>\n\t\t<\/div>\n\t\t\t\t\t\t\t<\/div>\n\t\t<\/section>\n\t\t\t\t\t\t\t<\/div>\n\t\t","protected":false},"excerpt":{"rendered":"<p>Verkostung im Weinkeller in Rimini Degustation regionaler Spitzenweine Degustation direkt im Weingut des hier produzierten Weins, der von unseren Vorfahren, den Etruskern, seit mehreren Jahrhunderten mit Freude, Leidenschaft und Beharrlichkeit hergestellt, verehrt und konsumiert wird. Wein ist die einzige Kunst, die man trinken kann! Unsere modernen Winzer greifen auf generationsreiche Erfahrung\/ Wissen und aber auch [&hellip;]<\/p>\n","protected":false},"author":1,"featured_media":2820,"parent":0,"menu_order":0,"comment_status":"closed","ping_status":"closed","template":"elementor_header_footer","meta":{"footnotes":""},"class_list":["post-5253","page","type-page","status-publish","has-post-thumbnail","hentry"],"yoast_head":"<!-- This site is optimized with the Yoast SEO plugin v21.8 - https:\/\/yoast.com\/wordpress\/plugins\/seo\/ -->\n<title>Weinverkostung auf Weingut im Urlaub in Rimini \ud83e\udd42\ud83e\uddc0\ud83e\udd42<\/title>\n<meta name=\"description\" content=\"Genie\u00dfen Sie die Spezialit\u00e4ten aus Rimini H\u00fcgel \ud83e\udd42\ud83e\uddc0\ud83e\udd42 Verkosten Sie exzellente Weine und lokale K\u00f6stlichkeiten \ud83c\udf55\ud83c\udf77\ud83c\udf55 Wir bieten eine wunderbare Weinverkostungstour mit Oliven\u00f6l-,K\u00e4se und Salamiverkostung einschlie\u00dflich Besichtigungen der Rimini Weinkeller\" \/>\n<meta name=\"robots\" content=\"index, follow, max-snippet:-1, max-image-preview:large, max-video-preview:-1\" \/>\n<link rel=\"canonical\" href=\"https:\/\/hotel-liverpool.com\/de\/rimini-urlaub-am-meer-verkostung-im-weinkeller\/\" \/>\n<meta property=\"og:locale\" content=\"de_DE\" \/>\n<meta property=\"og:type\" content=\"article\" \/>\n<meta property=\"og:title\" content=\"Weinverkostung auf Weingut im Urlaub in Rimini \ud83e\udd42\ud83e\uddc0\ud83e\udd42\" \/>\n<meta property=\"og:description\" content=\"Genie\u00dfen Sie die Spezialit\u00e4ten aus Rimini H\u00fcgel \ud83e\udd42\ud83e\uddc0\ud83e\udd42 Verkosten Sie exzellente Weine und lokale K\u00f6stlichkeiten \ud83c\udf55\ud83c\udf77\ud83c\udf55 Wir bieten eine wunderbare Weinverkostungstour mit Oliven\u00f6l-,K\u00e4se und Salamiverkostung einschlie\u00dflich Besichtigungen der Rimini Weinkeller\" \/>\n<meta property=\"og:url\" content=\"https:\/\/hotel-liverpool.com\/de\/rimini-urlaub-am-meer-verkostung-im-weinkeller\/\" \/>\n<meta property=\"og:site_name\" content=\"Hotel Liverpool\" \/>\n<meta property=\"article:modified_time\" content=\"2024-10-14T16:08:23+00:00\" \/>\n<meta property=\"og:image\" content=\"https:\/\/hotel-liverpool.com\/wp-content\/uploads\/2021\/09\/degustazione-vini.jpg\" \/>\n\t<meta property=\"og:image:width\" content=\"600\" \/>\n\t<meta property=\"og:image:height\" content=\"900\" \/>\n\t<meta property=\"og:image:type\" content=\"image\/jpeg\" \/>\n<meta name=\"twitter:card\" content=\"summary_large_image\" \/>\n<meta name=\"twitter:label1\" content=\"Gesch\u00e4tzte Lesezeit\" \/>\n\t<meta name=\"twitter:data1\" content=\"4\u00a0Minuten\" \/>\n<script type=\"application\/ld+json\" class=\"yoast-schema-graph\">{\"@context\":\"https:\/\/schema.org\",\"@graph\":[{\"@type\":\"WebPage\",\"@id\":\"https:\/\/hotel-liverpool.com\/de\/rimini-urlaub-am-meer-verkostung-im-weinkeller\/\",\"url\":\"https:\/\/hotel-liverpool.com\/de\/rimini-urlaub-am-meer-verkostung-im-weinkeller\/\",\"name\":\"Weinverkostung auf Weingut im Urlaub in Rimini \ud83e\udd42\ud83e\uddc0\ud83e\udd42\",\"isPartOf\":{\"@id\":\"https:\/\/hotel-liverpool.com\/de\/#website\"},\"datePublished\":\"2021-09-30T07:36:55+00:00\",\"dateModified\":\"2024-10-14T16:08:23+00:00\",\"description\":\"Genie\u00dfen Sie die Spezialit\u00e4ten aus Rimini H\u00fcgel \ud83e\udd42\ud83e\uddc0\ud83e\udd42 Verkosten Sie exzellente Weine und lokale K\u00f6stlichkeiten \ud83c\udf55\ud83c\udf77\ud83c\udf55 Wir bieten eine wunderbare Weinverkostungstour mit Oliven\u00f6l-,K\u00e4se und Salamiverkostung einschlie\u00dflich Besichtigungen der Rimini Weinkeller\",\"breadcrumb\":{\"@id\":\"https:\/\/hotel-liverpool.com\/de\/rimini-urlaub-am-meer-verkostung-im-weinkeller\/#breadcrumb\"},\"inLanguage\":\"de\",\"potentialAction\":[{\"@type\":\"ReadAction\",\"target\":[\"https:\/\/hotel-liverpool.com\/de\/rimini-urlaub-am-meer-verkostung-im-weinkeller\/\"]}]},{\"@type\":\"BreadcrumbList\",\"@id\":\"https:\/\/hotel-liverpool.com\/de\/rimini-urlaub-am-meer-verkostung-im-weinkeller\/#breadcrumb\",\"itemListElement\":[{\"@type\":\"ListItem\",\"position\":1,\"name\":\"Home\",\"item\":\"https:\/\/hotel-liverpool.com\/de\/\"},{\"@type\":\"ListItem\",\"position\":2,\"name\":\"Verkostung im Weinkeller\"}]},{\"@type\":\"WebSite\",\"@id\":\"https:\/\/hotel-liverpool.com\/de\/#website\",\"url\":\"https:\/\/hotel-liverpool.com\/de\/\",\"name\":\"Hotel Liverpool\",\"description\":\"Hotel All Inclusive Rimini\",\"potentialAction\":[{\"@type\":\"SearchAction\",\"target\":{\"@type\":\"EntryPoint\",\"urlTemplate\":\"https:\/\/hotel-liverpool.com\/de\/?s={search_term_string}\"},\"query-input\":\"required name=search_term_string\"}],\"inLanguage\":\"de\"}]}<\/script>\n<!-- \/ Yoast SEO plugin. -->","yoast_head_json":{"title":"Weinverkostung auf Weingut im Urlaub in Rimini \ud83e\udd42\ud83e\uddc0\ud83e\udd42","description":"Genie\u00dfen Sie die Spezialit\u00e4ten aus Rimini H\u00fcgel \ud83e\udd42\ud83e\uddc0\ud83e\udd42 Verkosten Sie exzellente Weine und lokale K\u00f6stlichkeiten \ud83c\udf55\ud83c\udf77\ud83c\udf55 Wir bieten eine wunderbare Weinverkostungstour mit Oliven\u00f6l-,K\u00e4se und Salamiverkostung einschlie\u00dflich Besichtigungen der Rimini Weinkeller","robots":{"index":"index","follow":"follow","max-snippet":"max-snippet:-1","max-image-preview":"max-image-preview:large","max-video-preview":"max-video-preview:-1"},"canonical":"https:\/\/hotel-liverpool.com\/de\/rimini-urlaub-am-meer-verkostung-im-weinkeller\/","og_locale":"de_DE","og_type":"article","og_title":"Weinverkostung auf Weingut im Urlaub in Rimini \ud83e\udd42\ud83e\uddc0\ud83e\udd42","og_description":"Genie\u00dfen Sie die Spezialit\u00e4ten aus Rimini H\u00fcgel \ud83e\udd42\ud83e\uddc0\ud83e\udd42 Verkosten Sie exzellente Weine und lokale K\u00f6stlichkeiten \ud83c\udf55\ud83c\udf77\ud83c\udf55 Wir bieten eine wunderbare Weinverkostungstour mit Oliven\u00f6l-,K\u00e4se und Salamiverkostung einschlie\u00dflich Besichtigungen der Rimini Weinkeller","og_url":"https:\/\/hotel-liverpool.com\/de\/rimini-urlaub-am-meer-verkostung-im-weinkeller\/","og_site_name":"Hotel Liverpool","article_modified_time":"2024-10-14T16:08:23+00:00","og_image":[{"width":600,"height":900,"url":"https:\/\/hotel-liverpool.com\/wp-content\/uploads\/2021\/09\/degustazione-vini.jpg","type":"image\/jpeg"}],"twitter_card":"summary_large_image","twitter_misc":{"Gesch\u00e4tzte Lesezeit":"4\u00a0Minuten"},"schema":{"@context":"https:\/\/schema.org","@graph":[{"@type":"WebPage","@id":"https:\/\/hotel-liverpool.com\/de\/rimini-urlaub-am-meer-verkostung-im-weinkeller\/","url":"https:\/\/hotel-liverpool.com\/de\/rimini-urlaub-am-meer-verkostung-im-weinkeller\/","name":"Weinverkostung auf Weingut im Urlaub in Rimini \ud83e\udd42\ud83e\uddc0\ud83e\udd42","isPartOf":{"@id":"https:\/\/hotel-liverpool.com\/de\/#website"},"datePublished":"2021-09-30T07:36:55+00:00","dateModified":"2024-10-14T16:08:23+00:00","description":"Genie\u00dfen Sie die Spezialit\u00e4ten aus Rimini H\u00fcgel \ud83e\udd42\ud83e\uddc0\ud83e\udd42 Verkosten Sie exzellente Weine und lokale K\u00f6stlichkeiten \ud83c\udf55\ud83c\udf77\ud83c\udf55 Wir bieten eine wunderbare Weinverkostungstour mit Oliven\u00f6l-,K\u00e4se und Salamiverkostung einschlie\u00dflich Besichtigungen der Rimini Weinkeller","breadcrumb":{"@id":"https:\/\/hotel-liverpool.com\/de\/rimini-urlaub-am-meer-verkostung-im-weinkeller\/#breadcrumb"},"inLanguage":"de","potentialAction":[{"@type":"ReadAction","target":["https:\/\/hotel-liverpool.com\/de\/rimini-urlaub-am-meer-verkostung-im-weinkeller\/"]}]},{"@type":"BreadcrumbList","@id":"https:\/\/hotel-liverpool.com\/de\/rimini-urlaub-am-meer-verkostung-im-weinkeller\/#breadcrumb","itemListElement":[{"@type":"ListItem","position":1,"name":"Home","item":"https:\/\/hotel-liverpool.com\/de\/"},{"@type":"ListItem","position":2,"name":"Verkostung im Weinkeller"}]},{"@type":"WebSite","@id":"https:\/\/hotel-liverpool.com\/de\/#website","url":"https:\/\/hotel-liverpool.com\/de\/","name":"Hotel Liverpool","description":"Hotel All Inclusive Rimini","potentialAction":[{"@type":"SearchAction","target":{"@type":"EntryPoint","urlTemplate":"https:\/\/hotel-liverpool.com\/de\/?s={search_term_string}"},"query-input":"required name=search_term_string"}],"inLanguage":"de"}]}},"_links":{"self":[{"href":"https:\/\/hotel-liverpool.com\/de\/wp-json\/wp\/v2\/pages\/5253","targetHints":{"allow":["GET"]}}],"collection":[{"href":"https:\/\/hotel-liverpool.com\/de\/wp-json\/wp\/v2\/pages"}],"about":[{"href":"https:\/\/hotel-liverpool.com\/de\/wp-json\/wp\/v2\/types\/page"}],"author":[{"embeddable":true,"href":"https:\/\/hotel-liverpool.com\/de\/wp-json\/wp\/v2\/users\/1"}],"replies":[{"embeddable":true,"href":"https:\/\/hotel-liverpool.com\/de\/wp-json\/wp\/v2\/comments?post=5253"}],"version-history":[{"count":35,"href":"https:\/\/hotel-liverpool.com\/de\/wp-json\/wp\/v2\/pages\/5253\/revisions"}],"predecessor-version":[{"id":14874,"href":"https:\/\/hotel-liverpool.com\/de\/wp-json\/wp\/v2\/pages\/5253\/revisions\/14874"}],"wp:featuredmedia":[{"embeddable":true,"href":"https:\/\/hotel-liverpool.com\/de\/wp-json\/wp\/v2\/media\/2820"}],"wp:attachment":[{"href":"https:\/\/hotel-liverpool.com\/de\/wp-json\/wp\/v2\/media?parent=5253"}],"curies":[{"name":"wp","href":"https:\/\/api.w.org\/{rel}","templated":true}]}}