{"id":5202,"date":"2021-10-28T15:15:14","date_gmt":"2021-10-28T15:15:14","guid":{"rendered":"https:\/\/hotel-liverpool.com\/meteo-rimini\/"},"modified":"2022-11-28T10:07:32","modified_gmt":"2022-11-28T10:07:32","slug":"rimini-wetter","status":"publish","type":"page","link":"https:\/\/hotel-liverpool.com\/de\/rimini-wetter\/","title":{"rendered":"Wetter und Webcam"},"content":{"rendered":"\t\t<div data-elementor-type=\"wp-page\" data-elementor-id=\"5202\" class=\"elementor elementor-5202 elementor-2437\" data-elementor-post-type=\"page\">\n\t\t\t\t\t\t\t\t\t<section data-particle_enable=\"false\" data-particle-mobile-disabled=\"false\" class=\"elementor-section elementor-top-section elementor-element elementor-element-8b807c0 elementor-section-stretched elementor-section-height-min-height elementor-section-full_width elementor-section-height-default elementor-section-items-middle\" data-id=\"8b807c0\" data-element_type=\"section\" data-settings=\"{&quot;stretch_section&quot;:&quot;section-stretched&quot;,&quot;background_background&quot;:&quot;classic&quot;}\">\n\t\t\t\t\t\t\t<div class=\"elementor-background-overlay\"><\/div>\n\t\t\t\t\t\t\t<div class=\"elementor-container elementor-column-gap-default\">\n\t\t\t\t\t<div class=\"elementor-column elementor-col-100 elementor-top-column elementor-element elementor-element-3d8ea4c\" data-id=\"3d8ea4c\" data-element_type=\"column\">\n\t\t\t<div class=\"elementor-widget-wrap elementor-element-populated\">\n\t\t\t\t\t\t\t\t<div class=\"elementor-element elementor-element-3109dc9 elementor-absolute elementor-invisible elementor-widget elementor-widget-heading\" data-id=\"3109dc9\" data-element_type=\"widget\" data-settings=\"{&quot;_animation&quot;:&quot;fadeInDown&quot;,&quot;_position&quot;:&quot;absolute&quot;}\" data-widget_type=\"heading.default\">\n\t\t\t\t<div class=\"elementor-widget-container\">\n\t\t\t<h2 class=\"elementor-heading-title elementor-size-default\">Wetter Rimini Live Webcam<\/h2>\t\t<\/div>\n\t\t\t\t<\/div>\n\t\t\t\t<section data-particle_enable=\"false\" data-particle-mobile-disabled=\"false\" class=\"elementor-section elementor-inner-section elementor-element elementor-element-c7701ee elementor-section-boxed elementor-section-height-default elementor-section-height-default\" data-id=\"c7701ee\" data-element_type=\"section\">\n\t\t\t\t\t\t<div class=\"elementor-container elementor-column-gap-wide\">\n\t\t\t\t\t<div class=\"elementor-column elementor-col-100 elementor-inner-column elementor-element elementor-element-29d2fac\" data-id=\"29d2fac\" data-element_type=\"column\">\n\t\t\t<div class=\"elementor-widget-wrap\">\n\t\t\t\t\t\t\t\t\t<\/div>\n\t\t<\/div>\n\t\t\t\t\t\t\t<\/div>\n\t\t<\/section>\n\t\t\t\t\t<\/div>\n\t\t<\/div>\n\t\t\t\t\t\t\t<\/div>\n\t\t<\/section>\n\t\t\t\t<section data-particle_enable=\"false\" data-particle-mobile-disabled=\"false\" class=\"elementor-section elementor-top-section elementor-element elementor-element-5c27070 elementor-section-boxed elementor-section-height-default elementor-section-height-default\" data-id=\"5c27070\" data-element_type=\"section\">\n\t\t\t\t\t\t<div class=\"elementor-container elementor-column-gap-default\">\n\t\t\t\t\t<div class=\"elementor-column elementor-col-100 elementor-top-column elementor-element elementor-element-2f7af02\" data-id=\"2f7af02\" data-element_type=\"column\">\n\t\t\t<div class=\"elementor-widget-wrap elementor-element-populated\">\n\t\t\t\t\t\t\t\t<div class=\"elementor-element elementor-element-5b567a8 elementor-widget elementor-widget-html\" data-id=\"5b567a8\" data-element_type=\"widget\" data-widget_type=\"html.default\">\n\t\t\t\t<div class=\"elementor-widget-container\">\n\t\t\t<iframe\r\nsrc=\"https:\/\/www.hotel-liverpool.com\/livemeteorimini\/index.html\" \r\nscrolling=\"no\"\r\nframeborder=\"0\"\r\nalign=center\r\nmarginheight=\"0px\"\r\nmarginwidth=\"0px\"\r\nheight=\"450\"\r\nwidth=\"150%\">\r\n<\/iframe>\t\t<\/div>\n\t\t\t\t<\/div>\n\t\t\t\t\t<\/div>\n\t\t<\/div>\n\t\t\t\t\t\t\t<\/div>\n\t\t<\/section>\n\t\t\t\t<section data-particle_enable=\"false\" data-particle-mobile-disabled=\"false\" class=\"elementor-section elementor-top-section elementor-element elementor-element-98bde25 elementor-section-boxed elementor-section-height-default elementor-section-height-default\" data-id=\"98bde25\" data-element_type=\"section\">\n\t\t\t\t\t\t<div class=\"elementor-container elementor-column-gap-default\">\n\t\t\t\t\t<div class=\"elementor-column elementor-col-100 elementor-top-column elementor-element elementor-element-5bcf043\" data-id=\"5bcf043\" data-element_type=\"column\">\n\t\t\t<div class=\"elementor-widget-wrap elementor-element-populated\">\n\t\t\t\t\t\t\t\t<div class=\"elementor-element elementor-element-8b29d61 elementor-widget elementor-widget-heading\" data-id=\"8b29d61\" data-element_type=\"widget\" data-widget_type=\"heading.default\">\n\t\t\t\t<div class=\"elementor-widget-container\">\n\t\t\t<h2 class=\"elementor-heading-title elementor-size-default\">Wettervorhersage der kommenden Tage f\u00fcr Rimini und <br> ein Blick mit unserer Live Webcam direkt auf unseren Strand und das Meer<\/h2>\t\t<\/div>\n\t\t\t\t<\/div>\n\t\t\t\t\t<\/div>\n\t\t<\/div>\n\t\t\t\t\t\t\t<\/div>\n\t\t<\/section>\n\t\t\t\t<section data-particle_enable=\"false\" data-particle-mobile-disabled=\"false\" class=\"elementor-section elementor-top-section elementor-element elementor-element-0f8d7ee elementor-section-boxed elementor-section-height-default elementor-section-height-default\" data-id=\"0f8d7ee\" data-element_type=\"section\">\n\t\t\t\t\t\t<div class=\"elementor-container elementor-column-gap-default\">\n\t\t\t\t\t<div class=\"elementor-column elementor-col-100 elementor-top-column elementor-element elementor-element-8bf82b2\" data-id=\"8bf82b2\" data-element_type=\"column\">\n\t\t\t<div class=\"elementor-widget-wrap elementor-element-populated\">\n\t\t\t\t\t\t\t\t<div class=\"elementor-element elementor-element-f3683d2 elementor-widget elementor-widget-html\" data-id=\"f3683d2\" data-element_type=\"widget\" data-widget_type=\"html.default\">\n\t\t\t\t<div class=\"elementor-widget-container\">\n\t\t\t<iframe\r\nsrc=\"https:\/\/www.liverpoolhotelrimini.com\/meteo-rimini-prossimi-giorni.php\" \r\nscrolling=\"no\"\r\nframeborder=\"0\"\r\nalign=center\r\nmarginheight=\"0px\"\r\nmarginwidth=\"0px\"\r\nheight=\"1200\"\r\nwidth=\"100%\">\r\n<\/iframe>\t\t<\/div>\n\t\t\t\t<\/div>\n\t\t\t\t\t<\/div>\n\t\t<\/div>\n\t\t\t\t\t\t\t<\/div>\n\t\t<\/section>\n\t\t\t\t\t\t\t<\/div>\n\t\t","protected":false},"excerpt":{"rendered":"<p>Wetter Rimini Live Webcam Wettervorhersage der kommenden Tage f\u00fcr Rimini und ein Blick mit unserer Live Webcam direkt auf unseren Strand und das Meer<\/p>\n","protected":false},"author":2,"featured_media":0,"parent":0,"menu_order":0,"comment_status":"closed","ping_status":"closed","template":"elementor_header_footer","meta":{"footnotes":""},"class_list":["post-5202","page","type-page","status-publish","hentry"],"yoast_head":"<!-- This site is optimized with the Yoast SEO plugin v21.8 - https:\/\/yoast.com\/wordpress\/plugins\/seo\/ -->\n<title>Rimini Wettervorhersage 14 tage mit Webcam Live<\/title>\n<meta name=\"description\" content=\"Rimini Wettervorhersage 14 tage mit Webcam: RIMINI Wettervorhersage w\u00e4hrend der n\u00e4chsten Tage...Hier finden Sie die Wetterwerte f\u00fcr Rimini: ob aktueller Luftdruck, Temperatur, Niederschlag, Luftfeuchtigkeit\" \/>\n<meta name=\"robots\" content=\"index, follow, max-snippet:-1, max-image-preview:large, max-video-preview:-1\" \/>\n<link rel=\"canonical\" href=\"https:\/\/hotel-liverpool.com\/de\/rimini-wetter\/\" \/>\n<meta property=\"og:locale\" content=\"de_DE\" \/>\n<meta property=\"og:type\" content=\"article\" \/>\n<meta property=\"og:title\" content=\"Rimini Wettervorhersage 14 tage mit Webcam Live\" \/>\n<meta property=\"og:description\" content=\"Rimini Wettervorhersage 14 tage mit Webcam: RIMINI Wettervorhersage w\u00e4hrend der n\u00e4chsten Tage...Hier finden Sie die Wetterwerte f\u00fcr Rimini: ob aktueller Luftdruck, Temperatur, Niederschlag, Luftfeuchtigkeit\" \/>\n<meta property=\"og:url\" content=\"https:\/\/hotel-liverpool.com\/de\/rimini-wetter\/\" \/>\n<meta property=\"og:site_name\" content=\"Hotel Liverpool\" \/>\n<meta property=\"article:modified_time\" content=\"2022-11-28T10:07:32+00:00\" \/>\n<meta name=\"twitter:card\" content=\"summary_large_image\" \/>\n<meta name=\"twitter:label1\" content=\"Gesch\u00e4tzte Lesezeit\" \/>\n\t<meta name=\"twitter:data1\" content=\"1\u00a0Minute\" \/>\n<script type=\"application\/ld+json\" class=\"yoast-schema-graph\">{\"@context\":\"https:\/\/schema.org\",\"@graph\":[{\"@type\":\"WebPage\",\"@id\":\"https:\/\/hotel-liverpool.com\/de\/rimini-wetter\/\",\"url\":\"https:\/\/hotel-liverpool.com\/de\/rimini-wetter\/\",\"name\":\"Rimini Wettervorhersage 14 tage mit Webcam Live\",\"isPartOf\":{\"@id\":\"https:\/\/hotel-liverpool.com\/de\/#website\"},\"datePublished\":\"2021-10-28T15:15:14+00:00\",\"dateModified\":\"2022-11-28T10:07:32+00:00\",\"description\":\"Rimini Wettervorhersage 14 tage mit Webcam: RIMINI Wettervorhersage w\u00e4hrend der n\u00e4chsten Tage...Hier finden Sie die Wetterwerte f\u00fcr Rimini: ob aktueller Luftdruck, Temperatur, Niederschlag, Luftfeuchtigkeit\",\"breadcrumb\":{\"@id\":\"https:\/\/hotel-liverpool.com\/de\/rimini-wetter\/#breadcrumb\"},\"inLanguage\":\"de\",\"potentialAction\":[{\"@type\":\"ReadAction\",\"target\":[\"https:\/\/hotel-liverpool.com\/de\/rimini-wetter\/\"]}]},{\"@type\":\"BreadcrumbList\",\"@id\":\"https:\/\/hotel-liverpool.com\/de\/rimini-wetter\/#breadcrumb\",\"itemListElement\":[{\"@type\":\"ListItem\",\"position\":1,\"name\":\"Home\",\"item\":\"https:\/\/hotel-liverpool.com\/de\/\"},{\"@type\":\"ListItem\",\"position\":2,\"name\":\"Wetter und Webcam\"}]},{\"@type\":\"WebSite\",\"@id\":\"https:\/\/hotel-liverpool.com\/de\/#website\",\"url\":\"https:\/\/hotel-liverpool.com\/de\/\",\"name\":\"Hotel Liverpool\",\"description\":\"Hotel All Inclusive Rimini\",\"potentialAction\":[{\"@type\":\"SearchAction\",\"target\":{\"@type\":\"EntryPoint\",\"urlTemplate\":\"https:\/\/hotel-liverpool.com\/de\/?s={search_term_string}\"},\"query-input\":\"required name=search_term_string\"}],\"inLanguage\":\"de\"}]}<\/script>\n<!-- \/ Yoast SEO plugin. -->","yoast_head_json":{"title":"Rimini Wettervorhersage 14 tage mit Webcam Live","description":"Rimini Wettervorhersage 14 tage mit Webcam: RIMINI Wettervorhersage w\u00e4hrend der n\u00e4chsten Tage...Hier finden Sie die Wetterwerte f\u00fcr Rimini: ob aktueller Luftdruck, Temperatur, Niederschlag, Luftfeuchtigkeit","robots":{"index":"index","follow":"follow","max-snippet":"max-snippet:-1","max-image-preview":"max-image-preview:large","max-video-preview":"max-video-preview:-1"},"canonical":"https:\/\/hotel-liverpool.com\/de\/rimini-wetter\/","og_locale":"de_DE","og_type":"article","og_title":"Rimini Wettervorhersage 14 tage mit Webcam Live","og_description":"Rimini Wettervorhersage 14 tage mit Webcam: RIMINI Wettervorhersage w\u00e4hrend der n\u00e4chsten Tage...Hier finden Sie die Wetterwerte f\u00fcr Rimini: ob aktueller Luftdruck, Temperatur, Niederschlag, Luftfeuchtigkeit","og_url":"https:\/\/hotel-liverpool.com\/de\/rimini-wetter\/","og_site_name":"Hotel Liverpool","article_modified_time":"2022-11-28T10:07:32+00:00","twitter_card":"summary_large_image","twitter_misc":{"Gesch\u00e4tzte Lesezeit":"1\u00a0Minute"},"schema":{"@context":"https:\/\/schema.org","@graph":[{"@type":"WebPage","@id":"https:\/\/hotel-liverpool.com\/de\/rimini-wetter\/","url":"https:\/\/hotel-liverpool.com\/de\/rimini-wetter\/","name":"Rimini Wettervorhersage 14 tage mit Webcam Live","isPartOf":{"@id":"https:\/\/hotel-liverpool.com\/de\/#website"},"datePublished":"2021-10-28T15:15:14+00:00","dateModified":"2022-11-28T10:07:32+00:00","description":"Rimini Wettervorhersage 14 tage mit Webcam: RIMINI Wettervorhersage w\u00e4hrend der n\u00e4chsten Tage...Hier finden Sie die Wetterwerte f\u00fcr Rimini: ob aktueller Luftdruck, Temperatur, Niederschlag, Luftfeuchtigkeit","breadcrumb":{"@id":"https:\/\/hotel-liverpool.com\/de\/rimini-wetter\/#breadcrumb"},"inLanguage":"de","potentialAction":[{"@type":"ReadAction","target":["https:\/\/hotel-liverpool.com\/de\/rimini-wetter\/"]}]},{"@type":"BreadcrumbList","@id":"https:\/\/hotel-liverpool.com\/de\/rimini-wetter\/#breadcrumb","itemListElement":[{"@type":"ListItem","position":1,"name":"Home","item":"https:\/\/hotel-liverpool.com\/de\/"},{"@type":"ListItem","position":2,"name":"Wetter und Webcam"}]},{"@type":"WebSite","@id":"https:\/\/hotel-liverpool.com\/de\/#website","url":"https:\/\/hotel-liverpool.com\/de\/","name":"Hotel Liverpool","description":"Hotel All Inclusive Rimini","potentialAction":[{"@type":"SearchAction","target":{"@type":"EntryPoint","urlTemplate":"https:\/\/hotel-liverpool.com\/de\/?s={search_term_string}"},"query-input":"required name=search_term_string"}],"inLanguage":"de"}]}},"_links":{"self":[{"href":"https:\/\/hotel-liverpool.com\/de\/wp-json\/wp\/v2\/pages\/5202","targetHints":{"allow":["GET"]}}],"collection":[{"href":"https:\/\/hotel-liverpool.com\/de\/wp-json\/wp\/v2\/pages"}],"about":[{"href":"https:\/\/hotel-liverpool.com\/de\/wp-json\/wp\/v2\/types\/page"}],"author":[{"embeddable":true,"href":"https:\/\/hotel-liverpool.com\/de\/wp-json\/wp\/v2\/users\/2"}],"replies":[{"embeddable":true,"href":"https:\/\/hotel-liverpool.com\/de\/wp-json\/wp\/v2\/comments?post=5202"}],"version-history":[{"count":15,"href":"https:\/\/hotel-liverpool.com\/de\/wp-json\/wp\/v2\/pages\/5202\/revisions"}],"predecessor-version":[{"id":13086,"href":"https:\/\/hotel-liverpool.com\/de\/wp-json\/wp\/v2\/pages\/5202\/revisions\/13086"}],"wp:attachment":[{"href":"https:\/\/hotel-liverpool.com\/de\/wp-json\/wp\/v2\/media?parent=5202"}],"curies":[{"name":"wp","href":"https:\/\/api.w.org\/{rel}","templated":true}]}}