{"id":13718,"date":"2023-11-23T13:12:59","date_gmt":"2023-11-23T13:12:59","guid":{"rendered":"https:\/\/hotel-liverpool.com\/?page_id=13718"},"modified":"2024-10-12T16:39:47","modified_gmt":"2024-10-12T16:39:47","slug":"elektro-endurotour-offroad-elekromotorraedern","status":"publish","type":"page","link":"https:\/\/hotel-liverpool.com\/de\/elektro-endurotour-offroad-elekromotorraedern\/","title":{"rendered":"Elektro-Endurotouren &#8211; Offroad-Erlebnis mit Elektromotorr\u00e4dern"},"content":{"rendered":"\t\t<div data-elementor-type=\"wp-page\" data-elementor-id=\"13718\" class=\"elementor elementor-13718\" data-elementor-post-type=\"page\">\n\t\t\t\t\t\t\t\t\t<section data-particle_enable=\"false\" data-particle-mobile-disabled=\"false\" class=\"elementor-section elementor-top-section elementor-element elementor-element-e819505 elementor-section-stretched elementor-section-height-min-height elementor-section-full_width elementor-section-height-default elementor-section-items-middle\" data-id=\"e819505\" data-element_type=\"section\" data-settings=\"{&quot;stretch_section&quot;:&quot;section-stretched&quot;,&quot;background_background&quot;:&quot;video&quot;,&quot;background_video_link&quot;:&quot;https:\\\/\\\/youtu.be\\\/mrJPh8s8X7c&quot;,&quot;background_play_on_mobile&quot;:&quot;yes&quot;}\">\n\t\t\t\t\t\t\t\t<div class=\"elementor-background-video-container\">\n\t\t\t\t\t\t\t\t\t\t\t\t\t<div class=\"elementor-background-video-embed\"><\/div>\n\t\t\t\t\t\t\t\t\t\t\t\t<\/div>\n\t\t\t\t\t\t\t\t\t<div class=\"elementor-background-overlay\"><\/div>\n\t\t\t\t\t\t\t<div class=\"elementor-container elementor-column-gap-default\">\n\t\t\t\t\t<div class=\"elementor-column elementor-col-100 elementor-top-column elementor-element elementor-element-68bc6ba\" data-id=\"68bc6ba\" data-element_type=\"column\">\n\t\t\t<div class=\"elementor-widget-wrap elementor-element-populated\">\n\t\t\t\t\t\t\t\t<section data-particle_enable=\"false\" data-particle-mobile-disabled=\"false\" class=\"elementor-section elementor-inner-section elementor-element elementor-element-45f8398 elementor-section-boxed elementor-section-height-default elementor-section-height-default\" data-id=\"45f8398\" data-element_type=\"section\">\n\t\t\t\t\t\t<div class=\"elementor-container elementor-column-gap-wide\">\n\t\t\t\t\t<div class=\"elementor-column elementor-col-100 elementor-inner-column elementor-element elementor-element-9c901f6\" data-id=\"9c901f6\" data-element_type=\"column\">\n\t\t\t<div class=\"elementor-widget-wrap\">\n\t\t\t\t\t\t\t\t\t<\/div>\n\t\t<\/div>\n\t\t\t\t\t\t\t<\/div>\n\t\t<\/section>\n\t\t\t\t<div class=\"elementor-element elementor-element-b08e8ed elementor-absolute elementor-invisible elementor-widget elementor-widget-heading\" data-id=\"b08e8ed\" data-element_type=\"widget\" data-settings=\"{&quot;_animation&quot;:&quot;fadeInDown&quot;,&quot;_position&quot;:&quot;absolute&quot;}\" data-widget_type=\"heading.default\">\n\t\t\t\t<div class=\"elementor-widget-container\">\n\t\t\t<h2 class=\"elementor-heading-title elementor-size-default\">Enduro Experience <br> Offroad-Erlebnis mit Elektromotorr\u00e4dern<\/h2>\t\t<\/div>\n\t\t\t\t<\/div>\n\t\t\t\t\t<\/div>\n\t\t<\/div>\n\t\t\t\t\t\t\t<\/div>\n\t\t<\/section>\n\t\t\t\t<section data-particle_enable=\"false\" data-particle-mobile-disabled=\"false\" class=\"elementor-section elementor-top-section elementor-element elementor-element-64dbe71 elementor-section-content-middle elementor-section-boxed elementor-section-height-default elementor-section-height-default\" data-id=\"64dbe71\" data-element_type=\"section\">\n\t\t\t\t\t\t<div class=\"elementor-container elementor-column-gap-default\">\n\t\t\t\t\t<div class=\"elementor-column elementor-col-50 elementor-top-column elementor-element elementor-element-776bf13\" data-id=\"776bf13\" data-element_type=\"column\">\n\t\t\t<div class=\"elementor-widget-wrap elementor-element-populated\">\n\t\t\t\t\t\t\t\t<div class=\"elementor-element elementor-element-f98ab34 elementor-pagination-position-inside elementor-widget elementor-widget-image-carousel\" data-id=\"f98ab34\" data-element_type=\"widget\" data-settings=\"{&quot;slides_to_show&quot;:&quot;1&quot;,&quot;navigation&quot;:&quot;dots&quot;,&quot;effect&quot;:&quot;fade&quot;,&quot;autoplay&quot;:&quot;yes&quot;,&quot;pause_on_hover&quot;:&quot;yes&quot;,&quot;pause_on_interaction&quot;:&quot;yes&quot;,&quot;autoplay_speed&quot;:5000,&quot;infinite&quot;:&quot;yes&quot;,&quot;speed&quot;:500}\" data-widget_type=\"image-carousel.default\">\n\t\t\t\t<div class=\"elementor-widget-container\">\n\t\t\t\t\t<div class=\"elementor-image-carousel-wrapper swiper-container\" dir=\"ltr\">\n\t\t\t<div class=\"elementor-image-carousel swiper-wrapper\" aria-live=\"off\">\n\t\t\t\t\t\t\t\t<div class=\"swiper-slide\" role=\"group\" aria-roledescription=\"slide\" aria-label=\"1 von 1\"><figure class=\"swiper-slide-inner\"><img decoding=\"async\" class=\"swiper-slide-image\" src=\"https:\/\/hotel-liverpool.com\/wp-content\/uploads\/elementor\/thumbs\/nature-experience-rimini-qfsaeyxhkr17q12umwb4ajl0u28c5pho9ci51gkhyk.jpg\" alt=\"Enduro Experience - Offroad-Erlebnis mit Elektromotorr\u00e4dern\" \/><\/figure><\/div>\t\t\t<\/div>\n\t\t\t\t\t<\/div>\n\t\t\t\t<\/div>\n\t\t\t\t<\/div>\n\t\t\t\t\t<\/div>\n\t\t<\/div>\n\t\t\t\t<div class=\"elementor-column elementor-col-50 elementor-top-column elementor-element elementor-element-70b6898\" data-id=\"70b6898\" data-element_type=\"column\">\n\t\t\t<div class=\"elementor-widget-wrap elementor-element-populated\">\n\t\t\t\t\t\t\t\t<div class=\"elementor-element elementor-element-311e750 elementor-widget elementor-widget-heading\" data-id=\"311e750\" data-element_type=\"widget\" data-widget_type=\"heading.default\">\n\t\t\t\t<div class=\"elementor-widget-container\">\n\t\t\t<h5 class=\"elementor-heading-title elementor-size-default\">Erlebe aufregende Offroad-Abenteuer und unvergessliche Erlebnisse mit Elektromotorr\u00e4dern.<\/h5>\t\t<\/div>\n\t\t\t\t<\/div>\n\t\t\t\t<div class=\"elementor-element elementor-element-5b9a403 elementor-widget elementor-widget-heading\" data-id=\"5b9a403\" data-element_type=\"widget\" data-widget_type=\"heading.default\">\n\t\t\t\t<div class=\"elementor-widget-container\">\n\t\t\t<h1 class=\"elementor-heading-title elementor-size-xxl\">Abenteuer mit Elektromotorr\u00e4dern<\/h1>\t\t<\/div>\n\t\t\t\t<\/div>\n\t\t\t\t<div class=\"elementor-element elementor-element-d40ad85 elementor-widget elementor-widget-heading\" data-id=\"d40ad85\" data-element_type=\"widget\" data-widget_type=\"heading.default\">\n\t\t\t\t<div class=\"elementor-widget-container\">\n\t\t\t<p class=\"elementor-heading-title elementor-size-default\">Tauche ein in das aufregende Abenteuer der Elektro-Endurotouren! <br><br>Unsere gef\u00fchrten Touren bieten unvergessliche Offroad-Erlebnisse mit leistungsstarken Elektromotorr\u00e4dern. <br>\nErkunde spektakul\u00e4re Landschaften und erlebe Nervenkitzel auf neuen Wegen. <br>\nBuche jetzt und erlebe die Faszination der Elektro-Endurotouren!<\/p>\t\t<\/div>\n\t\t\t\t<\/div>\n\t\t\t\t<div class=\"elementor-element elementor-element-e688692 elementor-widget elementor-widget-spacer\" data-id=\"e688692\" data-element_type=\"widget\" data-widget_type=\"spacer.default\">\n\t\t\t\t<div class=\"elementor-widget-container\">\n\t\t\t\t\t<div class=\"elementor-spacer\">\n\t\t\t<div class=\"elementor-spacer-inner\"><\/div>\n\t\t<\/div>\n\t\t\t\t<\/div>\n\t\t\t\t<\/div>\n\t\t\t\t\t<\/div>\n\t\t<\/div>\n\t\t\t\t\t\t\t<\/div>\n\t\t<\/section>\n\t\t\t\t<section data-particle_enable=\"false\" data-particle-mobile-disabled=\"false\" class=\"elementor-section elementor-top-section elementor-element elementor-element-0f316d1 elementor-section-boxed elementor-section-height-default elementor-section-height-default\" data-id=\"0f316d1\" data-element_type=\"section\" data-settings=\"{&quot;background_background&quot;:&quot;classic&quot;}\">\n\t\t\t\t\t\t<div class=\"elementor-container elementor-column-gap-default\">\n\t\t\t\t\t<div class=\"elementor-column elementor-col-50 elementor-top-column elementor-element elementor-element-727bf5e\" data-id=\"727bf5e\" data-element_type=\"column\">\n\t\t\t<div class=\"elementor-widget-wrap elementor-element-populated\">\n\t\t\t\t\t\t\t\t<div class=\"elementor-element elementor-element-6df4962 elementor-widget elementor-widget-heading\" data-id=\"6df4962\" data-element_type=\"widget\" data-widget_type=\"heading.default\">\n\t\t\t\t<div class=\"elementor-widget-container\">\n\t\t\t<h5 class=\"elementor-heading-title elementor-size-default\">Die E-Motorr\u00e4der sind leise und emittieren keine Schadstoffe, sodass du die Trails ungest\u00f6rt erkunden kannst.\n<\/h5>\t\t<\/div>\n\t\t\t\t<\/div>\n\t\t\t\t<div class=\"elementor-element elementor-element-00c0423 elementor-widget elementor-widget-heading\" data-id=\"00c0423\" data-element_type=\"widget\" data-widget_type=\"heading.default\">\n\t\t\t\t<div class=\"elementor-widget-container\">\n\t\t\t<h1 class=\"elementor-heading-title elementor-size-xxl\">E- Enduro Touren machen den Unterschied<\/h1>\t\t<\/div>\n\t\t\t\t<\/div>\n\t\t\t\t<div class=\"elementor-element elementor-element-186ec50 elementor-widget elementor-widget-heading\" data-id=\"186ec50\" data-element_type=\"widget\" data-widget_type=\"heading.default\">\n\t\t\t\t<div class=\"elementor-widget-container\">\n\t\t\t<p class=\"elementor-heading-title elementor-size-default\">Entdecke die sch\u00f6nsten Trails in deiner Region auf einer E-Enduro. <br><br>Unsere Touren sind f\u00fcr alle Erfahrungsstufen geeignet, von Anf\u00e4ngern bis zu Fortgeschrittenen.<br><br>\n\nUnsere erfahrenen Guides begleiten dich auf ein unvergessliches Abenteuer. <br>\n<br>\nSie unterrichten dich in den grundlegenden Fahrtechniken und zeigen dir die Geheimnisse des Enduro-Sports.<br>\n<br>\nDas E-Enduro ist ein einzigartiges Erlebnis, das dir die Natur auf nachhaltige Weise genie\u00dfen l\u00e4sst.<br><\/p>\t\t<\/div>\n\t\t\t\t<\/div>\n\t\t\t\t<div class=\"elementor-element elementor-element-d3b94ea elementor-widget elementor-widget-spacer\" data-id=\"d3b94ea\" data-element_type=\"widget\" data-widget_type=\"spacer.default\">\n\t\t\t\t<div class=\"elementor-widget-container\">\n\t\t\t\t\t<div class=\"elementor-spacer\">\n\t\t\t<div class=\"elementor-spacer-inner\"><\/div>\n\t\t<\/div>\n\t\t\t\t<\/div>\n\t\t\t\t<\/div>\n\t\t\t\t\t<\/div>\n\t\t<\/div>\n\t\t\t\t<div class=\"elementor-column elementor-col-50 elementor-top-column elementor-element elementor-element-51cf593\" data-id=\"51cf593\" data-element_type=\"column\">\n\t\t\t<div class=\"elementor-widget-wrap elementor-element-populated\">\n\t\t\t\t\t\t\t\t<div class=\"elementor-element elementor-element-077c860 elementor-pagination-position-inside elementor-widget elementor-widget-image-carousel\" data-id=\"077c860\" data-element_type=\"widget\" data-settings=\"{&quot;slides_to_show&quot;:&quot;1&quot;,&quot;navigation&quot;:&quot;dots&quot;,&quot;effect&quot;:&quot;fade&quot;,&quot;autoplay&quot;:&quot;yes&quot;,&quot;pause_on_hover&quot;:&quot;yes&quot;,&quot;pause_on_interaction&quot;:&quot;yes&quot;,&quot;autoplay_speed&quot;:5000,&quot;infinite&quot;:&quot;yes&quot;,&quot;speed&quot;:500}\" data-widget_type=\"image-carousel.default\">\n\t\t\t\t<div class=\"elementor-widget-container\">\n\t\t\t\t\t<div class=\"elementor-image-carousel-wrapper swiper-container\" dir=\"ltr\">\n\t\t\t<div class=\"elementor-image-carousel swiper-wrapper\" aria-live=\"off\">\n\t\t\t\t\t\t\t\t<div class=\"swiper-slide\" role=\"group\" aria-roledescription=\"slide\" aria-label=\"1 von 1\"><figure class=\"swiper-slide-inner\"><img decoding=\"async\" class=\"swiper-slide-image\" src=\"https:\/\/hotel-liverpool.com\/wp-content\/uploads\/elementor\/thumbs\/dscn0003-qfsax62zw9y2i8n7d9i32g9avmj66qql3f7kjbl3ho.jpg\" alt=\"dscn0003\" \/><\/figure><\/div>\t\t\t<\/div>\n\t\t\t\t\t<\/div>\n\t\t\t\t<\/div>\n\t\t\t\t<\/div>\n\t\t\t\t\t<\/div>\n\t\t<\/div>\n\t\t\t\t\t\t\t<\/div>\n\t\t<\/section>\n\t\t\t\t\t\t\t<\/div>\n\t\t","protected":false},"excerpt":{"rendered":"<p>Enduro Experience Offroad-Erlebnis mit Elektromotorr\u00e4dern Erlebe aufregende Offroad-Abenteuer und unvergessliche Erlebnisse mit Elektromotorr\u00e4dern. Abenteuer mit Elektromotorr\u00e4dern Tauche ein in das aufregende Abenteuer der Elektro-Endurotouren! Unsere gef\u00fchrten Touren bieten unvergessliche Offroad-Erlebnisse mit leistungsstarken Elektromotorr\u00e4dern. Erkunde spektakul\u00e4re Landschaften und erlebe Nervenkitzel auf neuen Wegen. Buche jetzt und erlebe die Faszination der Elektro-Endurotouren! Die E-Motorr\u00e4der sind leise und [&hellip;]<\/p>\n","protected":false},"author":2,"featured_media":13720,"parent":0,"menu_order":0,"comment_status":"closed","ping_status":"closed","template":"elementor_header_footer","meta":{"footnotes":""},"class_list":["post-13718","page","type-page","status-publish","has-post-thumbnail","hentry"],"yoast_head":"<!-- This site is optimized with the Yoast SEO plugin v21.8 - https:\/\/yoast.com\/wordpress\/plugins\/seo\/ -->\n<title>Elektro-Endurotouren\ud83c\udfcd\ufe0f\ud83c\udf04\ud83c\udfcd\ufe0fOffroad-Erlebnis mit Elektromotorr\u00e4dern<\/title>\n<meta name=\"description\" content=\"Entdecke die faszinierende Welt der Elektro-Endurotouren\ud83c\udfcd\ufe0f\ud83c\udf04\ud83c\udfcd\ufe0fErlebe aufregende Offroad-Abenteuer und unvergessliche Erlebnisse mit Elektromotorr\u00e4dern in Rimini\" \/>\n<meta name=\"robots\" content=\"index, follow, max-snippet:-1, max-image-preview:large, max-video-preview:-1\" \/>\n<link rel=\"canonical\" href=\"https:\/\/hotel-liverpool.com\/de\/elektro-endurotour-offroad-elekromotorraedern\/\" \/>\n<meta property=\"og:locale\" content=\"de_DE\" \/>\n<meta property=\"og:type\" content=\"article\" \/>\n<meta property=\"og:title\" content=\"Elektro-Endurotouren\ud83c\udfcd\ufe0f\ud83c\udf04\ud83c\udfcd\ufe0fOffroad-Erlebnis mit Elektromotorr\u00e4dern\" \/>\n<meta property=\"og:description\" content=\"Entdecke die faszinierende Welt der Elektro-Endurotouren\ud83c\udfcd\ufe0f\ud83c\udf04\ud83c\udfcd\ufe0fErlebe aufregende Offroad-Abenteuer und unvergessliche Erlebnisse mit Elektromotorr\u00e4dern in Rimini\" \/>\n<meta property=\"og:url\" content=\"https:\/\/hotel-liverpool.com\/de\/elektro-endurotour-offroad-elekromotorraedern\/\" \/>\n<meta property=\"og:site_name\" content=\"Hotel Liverpool\" \/>\n<meta property=\"article:modified_time\" content=\"2024-10-12T16:39:47+00:00\" \/>\n<meta property=\"og:image\" content=\"https:\/\/hotel-liverpool.com\/wp-content\/uploads\/2023\/11\/nature-experience-rimini.jpg\" \/>\n\t<meta property=\"og:image:width\" content=\"2000\" \/>\n\t<meta property=\"og:image:height\" content=\"1000\" \/>\n\t<meta property=\"og:image:type\" content=\"image\/jpeg\" \/>\n<meta name=\"twitter:card\" content=\"summary_large_image\" \/>\n<meta name=\"twitter:label1\" content=\"Gesch\u00e4tzte Lesezeit\" \/>\n\t<meta name=\"twitter:data1\" content=\"2\u00a0Minuten\" \/>\n<script type=\"application\/ld+json\" class=\"yoast-schema-graph\">{\"@context\":\"https:\/\/schema.org\",\"@graph\":[{\"@type\":\"WebPage\",\"@id\":\"https:\/\/hotel-liverpool.com\/de\/elektro-endurotour-offroad-elekromotorraedern\/\",\"url\":\"https:\/\/hotel-liverpool.com\/de\/elektro-endurotour-offroad-elekromotorraedern\/\",\"name\":\"Elektro-Endurotouren\ud83c\udfcd\ufe0f\ud83c\udf04\ud83c\udfcd\ufe0fOffroad-Erlebnis mit Elektromotorr\u00e4dern\",\"isPartOf\":{\"@id\":\"https:\/\/hotel-liverpool.com\/de\/#website\"},\"datePublished\":\"2023-11-23T13:12:59+00:00\",\"dateModified\":\"2024-10-12T16:39:47+00:00\",\"description\":\"Entdecke die faszinierende Welt der Elektro-Endurotouren\ud83c\udfcd\ufe0f\ud83c\udf04\ud83c\udfcd\ufe0fErlebe aufregende Offroad-Abenteuer und unvergessliche Erlebnisse mit Elektromotorr\u00e4dern in Rimini\",\"breadcrumb\":{\"@id\":\"https:\/\/hotel-liverpool.com\/de\/elektro-endurotour-offroad-elekromotorraedern\/#breadcrumb\"},\"inLanguage\":\"de\",\"potentialAction\":[{\"@type\":\"ReadAction\",\"target\":[\"https:\/\/hotel-liverpool.com\/de\/elektro-endurotour-offroad-elekromotorraedern\/\"]}]},{\"@type\":\"BreadcrumbList\",\"@id\":\"https:\/\/hotel-liverpool.com\/de\/elektro-endurotour-offroad-elekromotorraedern\/#breadcrumb\",\"itemListElement\":[{\"@type\":\"ListItem\",\"position\":1,\"name\":\"Home\",\"item\":\"https:\/\/hotel-liverpool.com\/de\/\"},{\"@type\":\"ListItem\",\"position\":2,\"name\":\"Elektro-Endurotouren &#8211; Offroad-Erlebnis mit Elektromotorr\u00e4dern\"}]},{\"@type\":\"WebSite\",\"@id\":\"https:\/\/hotel-liverpool.com\/de\/#website\",\"url\":\"https:\/\/hotel-liverpool.com\/de\/\",\"name\":\"Hotel Liverpool\",\"description\":\"Hotel All Inclusive Rimini\",\"potentialAction\":[{\"@type\":\"SearchAction\",\"target\":{\"@type\":\"EntryPoint\",\"urlTemplate\":\"https:\/\/hotel-liverpool.com\/de\/?s={search_term_string}\"},\"query-input\":\"required name=search_term_string\"}],\"inLanguage\":\"de\"}]}<\/script>\n<!-- \/ Yoast SEO plugin. -->","yoast_head_json":{"title":"Elektro-Endurotouren\ud83c\udfcd\ufe0f\ud83c\udf04\ud83c\udfcd\ufe0fOffroad-Erlebnis mit Elektromotorr\u00e4dern","description":"Entdecke die faszinierende Welt der Elektro-Endurotouren\ud83c\udfcd\ufe0f\ud83c\udf04\ud83c\udfcd\ufe0fErlebe aufregende Offroad-Abenteuer und unvergessliche Erlebnisse mit Elektromotorr\u00e4dern in Rimini","robots":{"index":"index","follow":"follow","max-snippet":"max-snippet:-1","max-image-preview":"max-image-preview:large","max-video-preview":"max-video-preview:-1"},"canonical":"https:\/\/hotel-liverpool.com\/de\/elektro-endurotour-offroad-elekromotorraedern\/","og_locale":"de_DE","og_type":"article","og_title":"Elektro-Endurotouren\ud83c\udfcd\ufe0f\ud83c\udf04\ud83c\udfcd\ufe0fOffroad-Erlebnis mit Elektromotorr\u00e4dern","og_description":"Entdecke die faszinierende Welt der Elektro-Endurotouren\ud83c\udfcd\ufe0f\ud83c\udf04\ud83c\udfcd\ufe0fErlebe aufregende Offroad-Abenteuer und unvergessliche Erlebnisse mit Elektromotorr\u00e4dern in Rimini","og_url":"https:\/\/hotel-liverpool.com\/de\/elektro-endurotour-offroad-elekromotorraedern\/","og_site_name":"Hotel Liverpool","article_modified_time":"2024-10-12T16:39:47+00:00","og_image":[{"width":2000,"height":1000,"url":"https:\/\/hotel-liverpool.com\/wp-content\/uploads\/2023\/11\/nature-experience-rimini.jpg","type":"image\/jpeg"}],"twitter_card":"summary_large_image","twitter_misc":{"Gesch\u00e4tzte Lesezeit":"2\u00a0Minuten"},"schema":{"@context":"https:\/\/schema.org","@graph":[{"@type":"WebPage","@id":"https:\/\/hotel-liverpool.com\/de\/elektro-endurotour-offroad-elekromotorraedern\/","url":"https:\/\/hotel-liverpool.com\/de\/elektro-endurotour-offroad-elekromotorraedern\/","name":"Elektro-Endurotouren\ud83c\udfcd\ufe0f\ud83c\udf04\ud83c\udfcd\ufe0fOffroad-Erlebnis mit Elektromotorr\u00e4dern","isPartOf":{"@id":"https:\/\/hotel-liverpool.com\/de\/#website"},"datePublished":"2023-11-23T13:12:59+00:00","dateModified":"2024-10-12T16:39:47+00:00","description":"Entdecke die faszinierende Welt der Elektro-Endurotouren\ud83c\udfcd\ufe0f\ud83c\udf04\ud83c\udfcd\ufe0fErlebe aufregende Offroad-Abenteuer und unvergessliche Erlebnisse mit Elektromotorr\u00e4dern in Rimini","breadcrumb":{"@id":"https:\/\/hotel-liverpool.com\/de\/elektro-endurotour-offroad-elekromotorraedern\/#breadcrumb"},"inLanguage":"de","potentialAction":[{"@type":"ReadAction","target":["https:\/\/hotel-liverpool.com\/de\/elektro-endurotour-offroad-elekromotorraedern\/"]}]},{"@type":"BreadcrumbList","@id":"https:\/\/hotel-liverpool.com\/de\/elektro-endurotour-offroad-elekromotorraedern\/#breadcrumb","itemListElement":[{"@type":"ListItem","position":1,"name":"Home","item":"https:\/\/hotel-liverpool.com\/de\/"},{"@type":"ListItem","position":2,"name":"Elektro-Endurotouren &#8211; Offroad-Erlebnis mit Elektromotorr\u00e4dern"}]},{"@type":"WebSite","@id":"https:\/\/hotel-liverpool.com\/de\/#website","url":"https:\/\/hotel-liverpool.com\/de\/","name":"Hotel Liverpool","description":"Hotel All Inclusive Rimini","potentialAction":[{"@type":"SearchAction","target":{"@type":"EntryPoint","urlTemplate":"https:\/\/hotel-liverpool.com\/de\/?s={search_term_string}"},"query-input":"required name=search_term_string"}],"inLanguage":"de"}]}},"_links":{"self":[{"href":"https:\/\/hotel-liverpool.com\/de\/wp-json\/wp\/v2\/pages\/13718","targetHints":{"allow":["GET"]}}],"collection":[{"href":"https:\/\/hotel-liverpool.com\/de\/wp-json\/wp\/v2\/pages"}],"about":[{"href":"https:\/\/hotel-liverpool.com\/de\/wp-json\/wp\/v2\/types\/page"}],"author":[{"embeddable":true,"href":"https:\/\/hotel-liverpool.com\/de\/wp-json\/wp\/v2\/users\/2"}],"replies":[{"embeddable":true,"href":"https:\/\/hotel-liverpool.com\/de\/wp-json\/wp\/v2\/comments?post=13718"}],"version-history":[{"count":16,"href":"https:\/\/hotel-liverpool.com\/de\/wp-json\/wp\/v2\/pages\/13718\/revisions"}],"predecessor-version":[{"id":14776,"href":"https:\/\/hotel-liverpool.com\/de\/wp-json\/wp\/v2\/pages\/13718\/revisions\/14776"}],"wp:featuredmedia":[{"embeddable":true,"href":"https:\/\/hotel-liverpool.com\/de\/wp-json\/wp\/v2\/media\/13720"}],"wp:attachment":[{"href":"https:\/\/hotel-liverpool.com\/de\/wp-json\/wp\/v2\/media?parent=13718"}],"curies":[{"name":"wp","href":"https:\/\/api.w.org\/{rel}","templated":true}]}}